{"id":3031,"date":"2024-11-27T13:18:37","date_gmt":"2024-11-27T13:18:37","guid":{"rendered":"https:\/\/pesu.org\/wp\/?page_id=3031"},"modified":"2025-12-10T18:38:12","modified_gmt":"2025-12-10T18:38:12","slug":"elain-hadassa","status":"publish","type":"page","link":"https:\/\/pesu.org\/wp\/elain-hadassa\/","title":{"rendered":"El\u00e4in h\u00e4d\u00e4ss\u00e4?"},"content":{"rendered":"<p>[et_pb_section fb_built=&#8221;1&#8243; _builder_version=&#8221;4.27.4&#8243; _module_preset=&#8221;default&#8221; width=&#8221;100%&#8221; global_colors_info=&#8221;{}&#8221;][et_pb_row _builder_version=&#8221;4.27.4&#8243; _module_preset=&#8221;default&#8221; global_colors_info=&#8221;{}&#8221;][et_pb_column type=&#8221;4_4&#8243; _builder_version=&#8221;4.27.4&#8243; _module_preset=&#8221;default&#8221; global_colors_info=&#8221;{}&#8221;][et_pb_cta title=&#8221;ONKO EL\u00c4IN V\u00c4LITT\u00d6M\u00c4SS\u00c4 HENGENVAARASSA?&#8221; button_text=&#8221;Klikkaukset&#8221; _builder_version=&#8221;4.27.4&#8243; _module_preset=&#8221;default&#8221; background_color=&#8221;#DB5B12&#8243; header_font_size_tablet=&#8221;32px&#8221; header_font_size_phone=&#8221;24px&#8221; header_font_size_last_edited=&#8221;on|phone&#8221; global_colors_info=&#8221;{}&#8221;]<\/p>\n<p>Jos el\u00e4in on v\u00e4litt\u00f6m\u00e4ss\u00e4 hengenvaarassa, tai aiheuttaa v\u00e4lit\u00f6nt\u00e4 vaaraa muille, voit ottaa yhteytt\u00e4 h\u00e4t\u00e4keskukseen<\/p>\n<h1>SOITA 112<\/h1>\n<p>[\/et_pb_cta][\/et_pb_column][\/et_pb_row][et_pb_row _builder_version=&#8221;4.27.4&#8243; _module_preset=&#8221;default&#8221; global_colors_info=&#8221;{}&#8221;][et_pb_column type=&#8221;4_4&#8243; _builder_version=&#8221;4.27.4&#8243; _module_preset=&#8221;default&#8221; global_colors_info=&#8221;{}&#8221;][et_pb_heading title=&#8221;Lemmikit&#8221; _builder_version=&#8221;4.27.4&#8243; _module_preset=&#8221;default&#8221; global_colors_info=&#8221;{}&#8221;][\/et_pb_heading][\/et_pb_column][\/et_pb_row][et_pb_row column_structure=&#8221;1_3,1_3,1_3&#8243; _builder_version=&#8221;4.27.4&#8243; _module_preset=&#8221;default&#8221; global_colors_info=&#8221;{}&#8221;][et_pb_column type=&#8221;1_3&#8243; _builder_version=&#8221;4.27.4&#8243; _module_preset=&#8221;default&#8221; global_colors_info=&#8221;{}&#8221;][et_pb_cta title=&#8221;KOHDELLAANKO LEMMIKKI\u00c4 KALTOIN?&#8221; button_url=&#8221;https:\/\/pesu.org\/wp\/elainten-hyvinvointi\/elaeinsuojeluilmoituksen-tekeminen\/&#8221; button_text=&#8221;J\u00c4T\u00c4 ILMOITUS&#8221; _builder_version=&#8221;4.27.4&#8243; _module_preset=&#8221;default&#8221; header_level=&#8221;h3&#8243; background_color=&#8221;#F4E8DD&#8221; background_layout=&#8221;light&#8221; global_colors_info=&#8221;{}&#8221;]<\/p>\n<p>Jos olet huolissasi el\u00e4imen kohtelusta, voit tehd\u00e4 el\u00e4insuojeluilmoituksen valvontael\u00e4inl\u00e4\u00e4k\u00e4rille.<\/p>\n<p>[\/et_pb_cta][\/et_pb_column][et_pb_column type=&#8221;1_3&#8243; _builder_version=&#8221;4.27.4&#8243; _module_preset=&#8221;default&#8221; global_colors_info=&#8221;{}&#8221;][et_pb_cta title=&#8221;L\u00d6YT\u00d6EL\u00c4IMET&#8221; button_url=&#8221;https:\/\/pesu.org\/wp\/elainten-hyvinvointi\/loeytoeelaeimet\/&#8221; button_text=&#8221;L\u00f6yt\u00f6el\u00e4imet&#8221; _builder_version=&#8221;4.27.4&#8243; _module_preset=&#8221;default&#8221; header_level=&#8221;h3&#8243; background_color=&#8221;#EDEDED&#8221; background_layout=&#8221;light&#8221; global_colors_info=&#8221;{}&#8221;]<\/p>\n<p>Jos kohtasit irrallaan olevan koiran tai eksyneen oloisen kissan tai muun lemmikin, oikea yhteydenotto on paikallinen l\u00f6yt\u00f6el\u00e4imist\u00e4 vastaava taho.<\/p>\n<p>[\/et_pb_cta][\/et_pb_column][et_pb_column type=&#8221;1_3&#8243; _builder_version=&#8221;4.27.4&#8243; _module_preset=&#8221;default&#8221; global_colors_info=&#8221;{}&#8221;][et_pb_cta title=&#8221;OLETKO EP\u00c4VARMA SIIT\u00c4 MITEN TOIMIA?&#8221; button_url=&#8221;https:\/\/sey.fi\/elainsuojeluneuvojat\/&#8221; url_new_window=&#8221;on&#8221; button_text=&#8221;Neuvojat&#8221; _builder_version=&#8221;4.27.4&#8243; _module_preset=&#8221;default&#8221; header_level=&#8221;h3&#8243; background_color=&#8221;RGBA(255,255,255,0)&#8221; background_layout=&#8221;light&#8221; global_colors_info=&#8221;{}&#8221;]<\/p>\n<p>El\u00e4insuojeluasioissa sinua auttavat SEY:n el\u00e4insuojeluneuvojat. L\u00e4himm\u00e4n neuvojan l\u00f6yd\u00e4t SEY:n sivuilta.<\/p>\n<p>[\/et_pb_cta][\/et_pb_column][\/et_pb_row][et_pb_row _builder_version=&#8221;4.27.4&#8243; _module_preset=&#8221;default&#8221; global_colors_info=&#8221;{}&#8221;][et_pb_column type=&#8221;4_4&#8243; _builder_version=&#8221;4.27.4&#8243; _module_preset=&#8221;default&#8221; global_colors_info=&#8221;{}&#8221;][et_pb_heading title=&#8221;Luonnonvaraiset el\u00e4imet&#8221; _builder_version=&#8221;4.27.4&#8243; _module_preset=&#8221;default&#8221; title_font_size_tablet=&#8221;&#8221; title_font_size_phone=&#8221;28px&#8221; title_font_size_last_edited=&#8221;on|desktop&#8221; global_colors_info=&#8221;{}&#8221;][\/et_pb_heading][\/et_pb_column][\/et_pb_row][et_pb_row column_structure=&#8221;1_3,1_3,1_3&#8243; _builder_version=&#8221;4.27.4&#8243; _module_preset=&#8221;default&#8221; global_colors_info=&#8221;{}&#8221;][et_pb_column type=&#8221;1_3&#8243; _builder_version=&#8221;4.27.4&#8243; _module_preset=&#8221;default&#8221; global_colors_info=&#8221;{}&#8221;][et_pb_cta title=&#8221;Pahoin loukkaantunut luonnonvarainen el\u00e4in&#8221; button_url=&#8221;#&#8221; _builder_version=&#8221;4.27.4&#8243; _module_preset=&#8221;default&#8221; header_level=&#8221;h3&#8243; background_color=&#8221;#DB5B12&#8243; global_colors_info=&#8221;{}&#8221;]<\/p>\n<p>Jos kohtaat pahoin loukkaantuneen luonnonvaraisen el\u00e4imen, ilmoita kituvasta el\u00e4imest\u00e4 viranomaselle<strong>\u00a0soittamalla 112.<\/strong><\/p>\n<p>Poliisi ja pelastustoimi ovat virallisia el\u00e4insuojeluviranomaisia.<\/p>\n<p>[\/et_pb_cta][\/et_pb_column][et_pb_column type=&#8221;1_3&#8243; _builder_version=&#8221;4.27.4&#8243; _module_preset=&#8221;default&#8221; global_colors_info=&#8221;{}&#8221;][et_pb_cta title=&#8221;Hoitoa tai apua tarvitseva luonnonvarainen el\u00e4in&#8221; button_url=&#8221;https:\/\/pesu.org\/wp\/elainten-hyvinvointi\/ohjeita-luonnonvaraisten-elainten-hoitoon-2\/&#8221; button_text=&#8221;Lis\u00e4ohjeet&#8221; _builder_version=&#8221;4.27.4&#8243; _module_preset=&#8221;default&#8221; header_level=&#8221;h3&#8243; background_color=&#8221;#545E36&#8243; global_colors_info=&#8221;{}&#8221;]<\/p>\n<p><strong>PESUn luonnonvaraisneuvonnan<\/strong><span> tavoitat numerosta 045\u202f221 7940 p\u00e4ivitt\u00e4in kello 13 -16).\u00a0<strong> HUOM! Jouluaattona klo. 16-18)<\/strong>\u00a0Muina aikoina vastaamme mahdollisuuksien mukaan. S\u00e4hk\u00f6postitse tavoitat meid\u00e4t osoitteesta <\/span><a href=\"mailto:luonnonvaraiset@pesu.org.\"><span id=\"cloakbee43fa25cd005549bd15589b0b79332\"><\/span><\/a><a href=\"mailto:luonnonvaraiset@pesu.org\">luonnonvaraiset@pesu.org<\/a><span>.<\/span><\/p>\n<p>[\/et_pb_cta][\/et_pb_column][et_pb_column type=&#8221;1_3&#8243; _builder_version=&#8221;4.27.4&#8243; _module_preset=&#8221;default&#8221; global_colors_info=&#8221;{}&#8221;][et_pb_cta title=&#8221;OLETKO EP\u00c4VARMA SIIT\u00c4 MITEN TOIMIA?&#8221; button_url=&#8221;https:\/\/sey.fi\/elainsuojeluneuvojat\/&#8221; url_new_window=&#8221;on&#8221; button_text=&#8221;NEUVOJAT&#8221; _builder_version=&#8221;4.27.4&#8243; _module_preset=&#8221;default&#8221; header_level=&#8221;h3&#8243; background_color=&#8221;RGBA(255,255,255,0)&#8221; background_layout=&#8221;light&#8221; global_colors_info=&#8221;{}&#8221;]<\/p>\n<p>El\u00e4insuojeluasioissa sinua auttavat SEY:n el\u00e4insuojeluneuvojat. L\u00e4himm\u00e4n neuvojan l\u00f6yd\u00e4t SEY:n sivuilta.<\/p>\n<p>[\/et_pb_cta][\/et_pb_column][\/et_pb_row][et_pb_row _builder_version=&#8221;4.27.4&#8243; _module_preset=&#8221;default&#8221; global_colors_info=&#8221;{}&#8221;][et_pb_column type=&#8221;4_4&#8243; _builder_version=&#8221;4.27.4&#8243; _module_preset=&#8221;default&#8221; global_colors_info=&#8221;{}&#8221;][et_pb_text _builder_version=&#8221;4.27.4&#8243; _module_preset=&#8221;default&#8221; global_colors_info=&#8221;{}&#8221;]<\/p>\n<p class=\"lead\">Tutustu ohjeisiin, niin tied\u00e4t miten toimia eri tilanteissa.\u00a0<strong><\/strong>Jos tarvitset neuvoja, voit virka-aikaan voit yhteytt\u00e4 kunnan el\u00e4inl\u00e4\u00e4k\u00e4riin.<\/p>\n<p>[\/et_pb_text][\/et_pb_column][\/et_pb_row][et_pb_row _builder_version=&#8221;4.27.4&#8243; _module_preset=&#8221;default&#8221; global_colors_info=&#8221;{}&#8221;][et_pb_column type=&#8221;4_4&#8243; _builder_version=&#8221;4.27.4&#8243; _module_preset=&#8221;default&#8221; global_colors_info=&#8221;{}&#8221;][et_pb_text _builder_version=&#8221;4.27.4&#8243; _module_preset=&#8221;default&#8221; header_font_size_tablet=&#8221;&#8221; header_font_size_phone=&#8221;22px&#8221; header_font_size_last_edited=&#8221;on|phone&#8221; header_2_font_size_tablet=&#8221;28px&#8221; header_2_font_size_phone=&#8221;24px&#8221; header_2_font_size_last_edited=&#8221;on|phone&#8221; global_colors_info=&#8221;{}&#8221;]<\/p>\n<header class=\"article-header clearfix\">\n<h2 class=\"article-title\" itemprop=\"headline\">El\u00e4insuojelu<\/h2>\n<\/header>\n<section class=\"article-content clearfix\">\n<p class=\"lead\">Jos ep\u00e4ilet el\u00e4imen huonoa kohtelua tai laiminly\u00f6nti\u00e4, voit tehd\u00e4 ilmoituksen alla mainituille viranomaisille tai vapaaehtoisille, jotka hoitavat el\u00e4insuojelutapauksia Pirkanmaan alueella. Luonnonvaraisista el\u00e4imist\u00e4 voi ilmoittaa niihin erikoistuneelle<span>\u00a0<\/span><a target=\"_blank\" href=\"http:\/\/www.sey.fi\/seytoimii\/elainsuojeluneuvonta\" rel=\"noopener\">SEYn neuvojalle<\/a>, joka ohjaa ilmoituksen tarvittaessa eteenp\u00e4in. Loukkaantuneen luonnonvaraisen pienel\u00e4imen voi my\u00f6s toimittaa kaupungin p\u00e4ivyst\u00e4v\u00e4lle el\u00e4inl\u00e4\u00e4k\u00e4rille (katso tiedot t\u00e4m\u00e4n sivun lopusta).<\/p>\n<h2 class=\"lead\">Mik\u00e4 on el\u00e4insuojeluyhdistyksen teht\u00e4v\u00e4?<\/h2>\n<p>El\u00e4insuojeluyhdistys ei voi tehd\u00e4 huostaanotto-\/haltuunottop\u00e4\u00e4t\u00f6ksi\u00e4, vaan ne tekee aina el\u00e4insuojeluviranomainen. El\u00e4insuojeluyhdistys voi kuitenkin avustaa viranomaista ja esimerkiksi majoittaa el\u00e4imet hoiviinsa, mik\u00e4li el\u00e4insuojeluviranomainen n\u00e4in p\u00e4\u00e4tt\u00e4\u00e4.<\/p>\n<p>Yhdistyksill\u00e4 on my\u00f6s iso rooli tiedottamisessa ja asenteiden muokkaamisessa, ja usein varsinkin isommat yhdistykset j\u00e4rjest\u00e4v\u00e4t esimerkiksi leikkautuskampanjoita kissoille saadakseen kissojen asemaa Suomessa parannettua. SEY eli Suomen el\u00e4insuojelu ry tiedottaa el\u00e4insuojelusta ja sivist\u00e4\u00e4 my\u00f6s el\u00e4intenpidosta. Osa paikallisista el\u00e4insuojeluyhdistyksist\u00e4 on SEYn alaisia yhdistyksi\u00e4, osa on taas itsen\u00e4isi\u00e4. Pirkanmaan Ee\u00e4insuojeluyhdistys, PESU ry on SEYn alainen yhdistys.<\/p>\n<h2>Miksi el\u00e4insuojelu ei tee mit\u00e4\u00e4n?<\/h2>\n<p>Koska suurin osa el\u00e4insuojelusta Suomessa tehd\u00e4\u00e4n vapaaehtoisvoimin, joudumme toimimaan yksityisin\u00e4 ihmisin\u00e4 ja yhdistyksin\u00e4 Suomen lain puitteissa. Yhdistykset, kuten my\u00f6sk\u00e4\u00e4n yksitt\u00e4iset ihmiset, eiv\u00e4t voi ottaa haltuunsa muiden ihmisten lemmikkej\u00e4 tai muita el\u00e4imi\u00e4. Vain niiss\u00e4 tapauksissa, kun omistaja haluaa vapaaehtoisesti luopua el\u00e4imest\u00e4 tai kun el\u00e4insuojeluviranomaisella, kuten poliisilla tai valvontael\u00e4inl\u00e4\u00e4k\u00e4rill\u00e4, on tarpeeksi painavat syyt haltuunottoon, el\u00e4in saadaan haettua pois kyseiselt\u00e4 henkil\u00f6lt\u00e4.<\/p>\n<p>El\u00e4insuojeluilmoituksilla ja viranomaisen aktiivisuudella on iso rooli el\u00e4inten hyvinvoinnissa. Pysyv\u00e4n haltuunottop\u00e4\u00e4t\u00f6ksen tekeminen vaatii raskaat perusteet omistajaa vastaan ja selke\u00e4n n\u00e4yt\u00f6n, ettei h\u00e4n kykene tai halua huolehtia omistamistaan el\u00e4imist\u00e4.<\/p>\n<\/section>\n<p>[\/et_pb_text][\/et_pb_column][\/et_pb_row][\/et_pb_section]<\/p>\n","protected":false},"excerpt":{"rendered":"<p>Jos el\u00e4in on v\u00e4litt\u00f6m\u00e4ss\u00e4 hengenvaarassa, tai aiheuttaa v\u00e4lit\u00f6nt\u00e4 vaaraa muille, voit ottaa yhteytt\u00e4 h\u00e4t\u00e4keskukseen SOITA 112Jos olet huolissasi el\u00e4imen kohtelusta, voit tehd\u00e4 el\u00e4insuojeluilmoituksen valvontael\u00e4inl\u00e4\u00e4k\u00e4rille.Jos kohtasit irrallaan olevan koiran tai eksyneen oloisen kissan tai muun lemmikin, oikea yhteydenotto on paikallinen l\u00f6yt\u00f6el\u00e4imist\u00e4 vastaava taho.El\u00e4insuojeluasioissa sinua auttavat SEY:n el\u00e4insuojeluneuvojat. L\u00e4himm\u00e4n neuvojan l\u00f6yd\u00e4t SEY:n sivuilta.Jos kohtaat pahoin loukkaantuneen luonnonvaraisen [&hellip;]<\/p>\n","protected":false},"author":1,"featured_media":0,"parent":0,"menu_order":0,"comment_status":"closed","ping_status":"closed","template":"","meta":{"_acf_changed":false,"_et_pb_use_builder":"on","_et_pb_old_content":"","_et_gb_content_width":"","footnotes":""},"class_list":["post-3031","page","type-page","status-publish","hentry"],"acf":[],"yoast_head":"<!-- This site is optimized with the Yoast SEO plugin v27.1.1 - https:\/\/yoast.com\/product\/yoast-seo-wordpress\/ -->\n<title>El\u00e4in h\u00e4d\u00e4ss\u00e4? | Pirkanmaan el&auml;insuojeluyhdistys, PESU ry<\/title>\n<meta name=\"robots\" content=\"index, follow, max-snippet:-1, max-image-preview:large, max-video-preview:-1\" \/>\n<link rel=\"canonical\" href=\"https:\/\/pesu.org\/wp\/elain-hadassa\/\" \/>\n<meta property=\"og:locale\" content=\"fi_FI\" \/>\n<meta property=\"og:type\" content=\"article\" \/>\n<meta property=\"og:title\" content=\"El\u00e4in h\u00e4d\u00e4ss\u00e4? | Pirkanmaan el&auml;insuojeluyhdistys, PESU ry\" \/>\n<meta property=\"og:description\" content=\"Jos el\u00e4in on v\u00e4litt\u00f6m\u00e4ss\u00e4 hengenvaarassa, tai aiheuttaa v\u00e4lit\u00f6nt\u00e4 vaaraa muille, voit ottaa yhteytt\u00e4 h\u00e4t\u00e4keskukseen SOITA 112Jos olet huolissasi el\u00e4imen kohtelusta, voit tehd\u00e4 el\u00e4insuojeluilmoituksen valvontael\u00e4inl\u00e4\u00e4k\u00e4rille.Jos kohtasit irrallaan olevan koiran tai eksyneen oloisen kissan tai muun lemmikin, oikea yhteydenotto on paikallinen l\u00f6yt\u00f6el\u00e4imist\u00e4 vastaava taho.El\u00e4insuojeluasioissa sinua auttavat SEY:n el\u00e4insuojeluneuvojat. L\u00e4himm\u00e4n neuvojan l\u00f6yd\u00e4t SEY:n sivuilta.Jos kohtaat pahoin loukkaantuneen luonnonvaraisen [&hellip;]\" \/>\n<meta property=\"og:url\" content=\"https:\/\/pesu.org\/wp\/elain-hadassa\/\" \/>\n<meta property=\"og:site_name\" content=\"Pirkanmaan el&auml;insuojeluyhdistys, PESU ry\" \/>\n<meta property=\"article:publisher\" content=\"https:\/\/www.facebook.com\/pesury\" \/>\n<meta property=\"article:modified_time\" content=\"2025-12-10T18:38:12+00:00\" \/>\n<meta name=\"twitter:card\" content=\"summary_large_image\" \/>\n<script type=\"application\/ld+json\" class=\"yoast-schema-graph\">{\"@context\":\"https:\/\/schema.org\",\"@graph\":[{\"@type\":\"WebPage\",\"@id\":\"https:\/\/pesu.org\/wp\/elain-hadassa\/\",\"url\":\"https:\/\/pesu.org\/wp\/elain-hadassa\/\",\"name\":\"El\u00e4in h\u00e4d\u00e4ss\u00e4? | Pirkanmaan el&auml;insuojeluyhdistys, PESU ry\",\"isPartOf\":{\"@id\":\"https:\/\/pesu.org\/wp\/#website\"},\"datePublished\":\"2024-11-27T13:18:37+00:00\",\"dateModified\":\"2025-12-10T18:38:12+00:00\",\"breadcrumb\":{\"@id\":\"https:\/\/pesu.org\/wp\/elain-hadassa\/#breadcrumb\"},\"inLanguage\":\"fi\",\"potentialAction\":[{\"@type\":\"ReadAction\",\"target\":[\"https:\/\/pesu.org\/wp\/elain-hadassa\/\"]}]},{\"@type\":\"BreadcrumbList\",\"@id\":\"https:\/\/pesu.org\/wp\/elain-hadassa\/#breadcrumb\",\"itemListElement\":[{\"@type\":\"ListItem\",\"position\":1,\"name\":\"Etusivu\",\"item\":\"https:\/\/pesu.org\/wp\/\"},{\"@type\":\"ListItem\",\"position\":2,\"name\":\"El\u00e4in h\u00e4d\u00e4ss\u00e4?\"}]},{\"@type\":\"WebSite\",\"@id\":\"https:\/\/pesu.org\/wp\/#website\",\"url\":\"https:\/\/pesu.org\/wp\/\",\"name\":\"Pirkanmaan el\u00e4insuojeluyhdistys, PESU ry\",\"description\":\"Lemmikkien, tuotantoel\u00e4inten ja luonnonvaraisten el\u00e4inten puolesta\",\"publisher\":{\"@id\":\"https:\/\/pesu.org\/wp\/#organization\"},\"potentialAction\":[{\"@type\":\"SearchAction\",\"target\":{\"@type\":\"EntryPoint\",\"urlTemplate\":\"https:\/\/pesu.org\/wp\/?s={search_term_string}\"},\"query-input\":{\"@type\":\"PropertyValueSpecification\",\"valueRequired\":true,\"valueName\":\"search_term_string\"}}],\"inLanguage\":\"fi\"},{\"@type\":\"Organization\",\"@id\":\"https:\/\/pesu.org\/wp\/#organization\",\"name\":\"Pirkanmaan el\u00e4insuojeluyhdistys, PESU ry\",\"url\":\"https:\/\/pesu.org\/wp\/\",\"logo\":{\"@type\":\"ImageObject\",\"inLanguage\":\"fi\",\"@id\":\"https:\/\/pesu.org\/wp\/#\/schema\/logo\/image\/\",\"url\":\"https:\/\/pesu.org\/wp\/wp-content\/uploads\/2024\/10\/Pesu_Logo_2019_RGB.jpg\",\"contentUrl\":\"https:\/\/pesu.org\/wp\/wp-content\/uploads\/2024\/10\/Pesu_Logo_2019_RGB.jpg\",\"width\":567,\"height\":391,\"caption\":\"Pirkanmaan el\u00e4insuojeluyhdistys, PESU ry\"},\"image\":{\"@id\":\"https:\/\/pesu.org\/wp\/#\/schema\/logo\/image\/\"},\"sameAs\":[\"https:\/\/www.facebook.com\/pesury\",\"https:\/\/www.instagram.com\/pesu_ry\/\"]}]}<\/script>\n<!-- \/ Yoast SEO plugin. -->","yoast_head_json":{"title":"El\u00e4in h\u00e4d\u00e4ss\u00e4? | Pirkanmaan el&auml;insuojeluyhdistys, PESU ry","robots":{"index":"index","follow":"follow","max-snippet":"max-snippet:-1","max-image-preview":"max-image-preview:large","max-video-preview":"max-video-preview:-1"},"canonical":"https:\/\/pesu.org\/wp\/elain-hadassa\/","og_locale":"fi_FI","og_type":"article","og_title":"El\u00e4in h\u00e4d\u00e4ss\u00e4? | Pirkanmaan el&auml;insuojeluyhdistys, PESU ry","og_description":"Jos el\u00e4in on v\u00e4litt\u00f6m\u00e4ss\u00e4 hengenvaarassa, tai aiheuttaa v\u00e4lit\u00f6nt\u00e4 vaaraa muille, voit ottaa yhteytt\u00e4 h\u00e4t\u00e4keskukseen SOITA 112Jos olet huolissasi el\u00e4imen kohtelusta, voit tehd\u00e4 el\u00e4insuojeluilmoituksen valvontael\u00e4inl\u00e4\u00e4k\u00e4rille.Jos kohtasit irrallaan olevan koiran tai eksyneen oloisen kissan tai muun lemmikin, oikea yhteydenotto on paikallinen l\u00f6yt\u00f6el\u00e4imist\u00e4 vastaava taho.El\u00e4insuojeluasioissa sinua auttavat SEY:n el\u00e4insuojeluneuvojat. L\u00e4himm\u00e4n neuvojan l\u00f6yd\u00e4t SEY:n sivuilta.Jos kohtaat pahoin loukkaantuneen luonnonvaraisen [&hellip;]","og_url":"https:\/\/pesu.org\/wp\/elain-hadassa\/","og_site_name":"Pirkanmaan el&auml;insuojeluyhdistys, PESU ry","article_publisher":"https:\/\/www.facebook.com\/pesury","article_modified_time":"2025-12-10T18:38:12+00:00","twitter_card":"summary_large_image","schema":{"@context":"https:\/\/schema.org","@graph":[{"@type":"WebPage","@id":"https:\/\/pesu.org\/wp\/elain-hadassa\/","url":"https:\/\/pesu.org\/wp\/elain-hadassa\/","name":"El\u00e4in h\u00e4d\u00e4ss\u00e4? | Pirkanmaan el&auml;insuojeluyhdistys, PESU ry","isPartOf":{"@id":"https:\/\/pesu.org\/wp\/#website"},"datePublished":"2024-11-27T13:18:37+00:00","dateModified":"2025-12-10T18:38:12+00:00","breadcrumb":{"@id":"https:\/\/pesu.org\/wp\/elain-hadassa\/#breadcrumb"},"inLanguage":"fi","potentialAction":[{"@type":"ReadAction","target":["https:\/\/pesu.org\/wp\/elain-hadassa\/"]}]},{"@type":"BreadcrumbList","@id":"https:\/\/pesu.org\/wp\/elain-hadassa\/#breadcrumb","itemListElement":[{"@type":"ListItem","position":1,"name":"Etusivu","item":"https:\/\/pesu.org\/wp\/"},{"@type":"ListItem","position":2,"name":"El\u00e4in h\u00e4d\u00e4ss\u00e4?"}]},{"@type":"WebSite","@id":"https:\/\/pesu.org\/wp\/#website","url":"https:\/\/pesu.org\/wp\/","name":"Pirkanmaan el\u00e4insuojeluyhdistys, PESU ry","description":"Lemmikkien, tuotantoel\u00e4inten ja luonnonvaraisten el\u00e4inten puolesta","publisher":{"@id":"https:\/\/pesu.org\/wp\/#organization"},"potentialAction":[{"@type":"SearchAction","target":{"@type":"EntryPoint","urlTemplate":"https:\/\/pesu.org\/wp\/?s={search_term_string}"},"query-input":{"@type":"PropertyValueSpecification","valueRequired":true,"valueName":"search_term_string"}}],"inLanguage":"fi"},{"@type":"Organization","@id":"https:\/\/pesu.org\/wp\/#organization","name":"Pirkanmaan el\u00e4insuojeluyhdistys, PESU ry","url":"https:\/\/pesu.org\/wp\/","logo":{"@type":"ImageObject","inLanguage":"fi","@id":"https:\/\/pesu.org\/wp\/#\/schema\/logo\/image\/","url":"https:\/\/pesu.org\/wp\/wp-content\/uploads\/2024\/10\/Pesu_Logo_2019_RGB.jpg","contentUrl":"https:\/\/pesu.org\/wp\/wp-content\/uploads\/2024\/10\/Pesu_Logo_2019_RGB.jpg","width":567,"height":391,"caption":"Pirkanmaan el\u00e4insuojeluyhdistys, PESU ry"},"image":{"@id":"https:\/\/pesu.org\/wp\/#\/schema\/logo\/image\/"},"sameAs":["https:\/\/www.facebook.com\/pesury","https:\/\/www.instagram.com\/pesu_ry\/"]}]}},"_links":{"self":[{"href":"https:\/\/pesu.org\/wp\/wp-json\/wp\/v2\/pages\/3031","targetHints":{"allow":["GET"]}}],"collection":[{"href":"https:\/\/pesu.org\/wp\/wp-json\/wp\/v2\/pages"}],"about":[{"href":"https:\/\/pesu.org\/wp\/wp-json\/wp\/v2\/types\/page"}],"author":[{"embeddable":true,"href":"https:\/\/pesu.org\/wp\/wp-json\/wp\/v2\/users\/1"}],"replies":[{"embeddable":true,"href":"https:\/\/pesu.org\/wp\/wp-json\/wp\/v2\/comments?post=3031"}],"version-history":[{"count":13,"href":"https:\/\/pesu.org\/wp\/wp-json\/wp\/v2\/pages\/3031\/revisions"}],"predecessor-version":[{"id":4775,"href":"https:\/\/pesu.org\/wp\/wp-json\/wp\/v2\/pages\/3031\/revisions\/4775"}],"wp:attachment":[{"href":"https:\/\/pesu.org\/wp\/wp-json\/wp\/v2\/media?parent=3031"}],"curies":[{"name":"wp","href":"https:\/\/api.w.org\/{rel}","templated":true}]}}