{"id":3164,"date":"2024-11-29T10:48:33","date_gmt":"2024-11-29T10:48:33","guid":{"rendered":"https:\/\/pesu.org\/wp\/?page_id=3164"},"modified":"2024-11-29T11:09:03","modified_gmt":"2024-11-29T11:09:03","slug":"fiv-kissan-immuunikatovirus","status":"publish","type":"page","link":"https:\/\/pesu.org\/wp\/elainten-hyvinvointi\/fiv-kissan-immuunikatovirus\/","title":{"rendered":"FIV \u2013 kissan immuunikatovirus"},"content":{"rendered":"\n<p><br>FIV on kissan immuunikadon aiheuttama virus. FIV on verrattavissa ihmisen HIV-virukseen. Virusta kantava kissa voi el\u00e4\u00e4 hyvin onnellisen ja pitk\u00e4nkin el\u00e4m\u00e4n. T\u00e4st\u00e4 viruksesta ei paljoa puhuta ja kissan omistajat usein kauhistelevat tautia pit\u00e4en sit\u00e4 \u201dpahana m\u00f6rk\u00f6n\u00e4\u201d. Harva kuitenkaan testauttaa virusta omalta kissaltaan, koska kissa on heid\u00e4n mielest\u00e4\u00e4n t\u00e4ysin terve. On kuitenkin mahdollista, ett\u00e4 osa n\u00e4ist\u00e4 t\u00e4ysin terveist\u00e4kin kissoista kantaa virusta omistajan tiet\u00e4m\u00e4tt\u00e4. FIV tarttuu tavallisesti kissasta toiseen esimerkiksi astumisen, verensiirron, pureman tai sylkikontaktin v\u00e4lityksell\u00e4. FIV ei tartu juuri koskaan kissojen yhdess\u00e4 k\u00e4ytt\u00e4mien ruokakuppien tai hiekkalaatikoiden kautta.<br><br>FIV on kissan oma virus, eik\u00e4 tartu ihmisiin tai muihin el\u00e4imiin. Jos perheess\u00e4 el\u00e4\u00e4 kaksi rauhallista kissaa, joista vain toinen on todettu FIV-positiiviseksi on mahdollista, ett\u00e4 tauti ei koskaan tartu perheen terveeseen kissaan. Kissanpennut eiv\u00e4t v\u00e4ltt\u00e4m\u00e4tt\u00e4 my\u00f6sk\u00e4\u00e4n saa aina tartuntaa emoltaan. FIV-tartunta pystyt\u00e4\u00e4n toteamaan kissalla ainoastaan verikokeilla el\u00e4inl\u00e4\u00e4k\u00e4riss\u00e4. Jokainen kissa, varsinkin vapaasti ulkoilevat kissat olisi hyv\u00e4 testauttaa s\u00e4\u00e4nn\u00f6llisesti. FIV pystyt\u00e4\u00e4n toteamaan kissalla 4 viikon kuluttua tartunnasta.<br><\/p>\n\n\n\n<h3 class=\"wp-block-heading\"><strong>Oireet<\/strong><\/h3>\n\n\n\n<p>Tartunnassa on erilaisia vaiheita ja oireet vaihtelevat vaiheen mukaan.<\/p>\n\n\n\n<ol class=\"wp-block-list\">\n<li><strong>Akuutti vaihe:<\/strong>\u00a0Kissa saattaa oireilla 1-2kk kuluttua tartunnasta, mutta aina omistaja ei edes huomaa lievi\u00e4 oireita. Kissa saattaa olla normaalia rauhallisempi ja kuumeinen. My\u00f6s imusolmukkeet suurenevat. T\u00e4m\u00e4 ensimm\u00e4inen vaihe saattaa kest\u00e4\u00e4 pari viikkoa, tai useamman kuukauden, jonka j\u00e4lkeen oireet katoavat ja kissa vaikuttaa taas terveelt\u00e4 ja normaalilta.<\/li>\n\n\n\n<li><strong>Oireeton kantajavaihe:<\/strong>\u00a0T\u00e4m\u00e4 vaihe voi kest\u00e4\u00e4 useita vuosia, jolloin kissa vaikuttaa terveelt\u00e4 ilman mink\u00e4\u00e4nlaisia oireita. On my\u00f6s mahdollista, ett\u00e4 kissa ei koskaan siirry kolmanteen vaiheeseen.<\/li>\n\n\n\n<li><strong>Krooninen vaihe:<\/strong>\u00a0T\u00e4m\u00e4 vaihe voi kest\u00e4\u00e4 kuukausista vuosiin. Kissan puolustuskyky heikkenee ja erilaisia tulehduksia alkaa ilmet\u00e4. Yleisimpi\u00e4 tulehduksia ovat suun ja hengitysteiden tulehdukset, silm\u00e4tulehdukset ja krooniset ihotulehdukset. Kissa saattaa my\u00f6s ripuloida ja laihtua rankasti. Mit\u00e4\u00e4n rokotetta tai hoitokeinoa tartuntaan ei ole vaan kissa kuolee.<\/li>\n<\/ol>\n\n\n\n<p>Jos sinulla on kissa, joka on todettu FIV-positiiviseksi, niin hoida h\u00e4nt\u00e4 hyvin ja pid\u00e4 rokotukset voimassa siihen saakka, kun kissallasi alkaa krooninen vaihe (ellei el\u00e4inl\u00e4\u00e4k\u00e4ri toisin suosittele). Muista kuitenkin aina mainita el\u00e4inl\u00e4\u00e4k\u00e4rille kissasi olevan viruksen kantaja, koska t\u00e4m\u00e4 tieto vaikuttaa rokotteen valintaan (rokotus tapetulla rokotteella).<br><br>\u00c4l\u00e4 anna kissasi my\u00f6sk\u00e4\u00e4n ulkoilla vapaana, koska h\u00e4n voi tartuttaa toisiin kissoihin viruksen ja n\u00e4m\u00e4 muut vapaana ulkoilevat kissat tartuttavat sit\u00e4 taas toisiin ja he toisiin. Pidet\u00e4\u00e4n t\u00e4m\u00e4 tauti omalta osaltamme kurissa!<\/p>\n","protected":false},"excerpt":{"rendered":"<p>FIV on kissan immuunikadon aiheuttama virus. FIV on verrattavissa ihmisen HIV-virukseen. Virusta kantava kissa voi el\u00e4\u00e4 hyvin onnellisen ja pitk\u00e4nkin el\u00e4m\u00e4n. T\u00e4st\u00e4 viruksesta ei paljoa puhuta ja kissan omistajat usein kauhistelevat tautia pit\u00e4en sit\u00e4 \u201dpahana m\u00f6rk\u00f6n\u00e4\u201d. Harva kuitenkaan testauttaa virusta omalta kissaltaan, koska kissa on heid\u00e4n mielest\u00e4\u00e4n t\u00e4ysin terve. On kuitenkin mahdollista, ett\u00e4 osa n\u00e4ist\u00e4 [&hellip;]<\/p>\n","protected":false},"author":1,"featured_media":3171,"parent":757,"menu_order":0,"comment_status":"closed","ping_status":"closed","template":"","meta":{"_acf_changed":false,"_et_pb_use_builder":"off","_et_pb_old_content":"","_et_gb_content_width":"","footnotes":""},"class_list":["post-3164","page","type-page","status-publish","has-post-thumbnail","hentry"],"acf":[],"yoast_head":"<!-- This site is optimized with the Yoast SEO plugin v27.1.1 - https:\/\/yoast.com\/product\/yoast-seo-wordpress\/ -->\n<title>FIV \u2013 kissan immuunikatovirus | Pirkanmaan el&auml;insuojeluyhdistys, PESU ry<\/title>\n<meta name=\"robots\" content=\"index, follow, max-snippet:-1, max-image-preview:large, max-video-preview:-1\" \/>\n<link rel=\"canonical\" href=\"https:\/\/pesu.org\/wp\/elainten-hyvinvointi\/fiv-kissan-immuunikatovirus\/\" \/>\n<meta property=\"og:locale\" content=\"fi_FI\" \/>\n<meta property=\"og:type\" content=\"article\" \/>\n<meta property=\"og:title\" content=\"FIV \u2013 kissan immuunikatovirus | Pirkanmaan el&auml;insuojeluyhdistys, PESU ry\" \/>\n<meta property=\"og:description\" content=\"FIV on kissan immuunikadon aiheuttama virus. FIV on verrattavissa ihmisen HIV-virukseen. Virusta kantava kissa voi el\u00e4\u00e4 hyvin onnellisen ja pitk\u00e4nkin el\u00e4m\u00e4n. T\u00e4st\u00e4 viruksesta ei paljoa puhuta ja kissan omistajat usein kauhistelevat tautia pit\u00e4en sit\u00e4 \u201dpahana m\u00f6rk\u00f6n\u00e4\u201d. Harva kuitenkaan testauttaa virusta omalta kissaltaan, koska kissa on heid\u00e4n mielest\u00e4\u00e4n t\u00e4ysin terve. On kuitenkin mahdollista, ett\u00e4 osa n\u00e4ist\u00e4 [&hellip;]\" \/>\n<meta property=\"og:url\" content=\"https:\/\/pesu.org\/wp\/elainten-hyvinvointi\/fiv-kissan-immuunikatovirus\/\" \/>\n<meta property=\"og:site_name\" content=\"Pirkanmaan el&auml;insuojeluyhdistys, PESU ry\" \/>\n<meta property=\"article:publisher\" content=\"https:\/\/www.facebook.com\/pesury\" \/>\n<meta property=\"article:modified_time\" content=\"2024-11-29T11:09:03+00:00\" \/>\n<meta property=\"og:image\" content=\"https:\/\/pesu.org\/wp\/wp-content\/uploads\/2024\/11\/pesu-2013-3609.jpg\" \/>\n\t<meta property=\"og:image:width\" content=\"700\" \/>\n\t<meta property=\"og:image:height\" content=\"467\" \/>\n\t<meta property=\"og:image:type\" content=\"image\/jpeg\" \/>\n<meta name=\"twitter:card\" content=\"summary_large_image\" \/>\n<meta name=\"twitter:label1\" content=\"Arvioitu lukuaika\" \/>\n\t<meta name=\"twitter:data1\" content=\"3 minuuttia\" \/>\n<script type=\"application\/ld+json\" class=\"yoast-schema-graph\">{\"@context\":\"https:\/\/schema.org\",\"@graph\":[{\"@type\":\"WebPage\",\"@id\":\"https:\/\/pesu.org\/wp\/elainten-hyvinvointi\/fiv-kissan-immuunikatovirus\/\",\"url\":\"https:\/\/pesu.org\/wp\/elainten-hyvinvointi\/fiv-kissan-immuunikatovirus\/\",\"name\":\"FIV \u2013 kissan immuunikatovirus | Pirkanmaan el&auml;insuojeluyhdistys, PESU ry\",\"isPartOf\":{\"@id\":\"https:\/\/pesu.org\/wp\/#website\"},\"primaryImageOfPage\":{\"@id\":\"https:\/\/pesu.org\/wp\/elainten-hyvinvointi\/fiv-kissan-immuunikatovirus\/#primaryimage\"},\"image\":{\"@id\":\"https:\/\/pesu.org\/wp\/elainten-hyvinvointi\/fiv-kissan-immuunikatovirus\/#primaryimage\"},\"thumbnailUrl\":\"https:\/\/pesu.org\/wp\/wp-content\/uploads\/2024\/11\/pesu-2013-3609.jpg\",\"datePublished\":\"2024-11-29T10:48:33+00:00\",\"dateModified\":\"2024-11-29T11:09:03+00:00\",\"breadcrumb\":{\"@id\":\"https:\/\/pesu.org\/wp\/elainten-hyvinvointi\/fiv-kissan-immuunikatovirus\/#breadcrumb\"},\"inLanguage\":\"fi\",\"potentialAction\":[{\"@type\":\"ReadAction\",\"target\":[\"https:\/\/pesu.org\/wp\/elainten-hyvinvointi\/fiv-kissan-immuunikatovirus\/\"]}]},{\"@type\":\"ImageObject\",\"inLanguage\":\"fi\",\"@id\":\"https:\/\/pesu.org\/wp\/elainten-hyvinvointi\/fiv-kissan-immuunikatovirus\/#primaryimage\",\"url\":\"https:\/\/pesu.org\/wp\/wp-content\/uploads\/2024\/11\/pesu-2013-3609.jpg\",\"contentUrl\":\"https:\/\/pesu.org\/wp\/wp-content\/uploads\/2024\/11\/pesu-2013-3609.jpg\",\"width\":700,\"height\":467},{\"@type\":\"BreadcrumbList\",\"@id\":\"https:\/\/pesu.org\/wp\/elainten-hyvinvointi\/fiv-kissan-immuunikatovirus\/#breadcrumb\",\"itemListElement\":[{\"@type\":\"ListItem\",\"position\":1,\"name\":\"Etusivu\",\"item\":\"https:\/\/pesu.org\/wp\/\"},{\"@type\":\"ListItem\",\"position\":2,\"name\":\"El\u00e4inten hyvinvointi\",\"item\":\"https:\/\/pesu.org\/wp\/elainten-hyvinvointi\/\"},{\"@type\":\"ListItem\",\"position\":3,\"name\":\"FIV \u2013 kissan immuunikatovirus\"}]},{\"@type\":\"WebSite\",\"@id\":\"https:\/\/pesu.org\/wp\/#website\",\"url\":\"https:\/\/pesu.org\/wp\/\",\"name\":\"Pirkanmaan el\u00e4insuojeluyhdistys, PESU ry\",\"description\":\"Lemmikkien, tuotantoel\u00e4inten ja luonnonvaraisten el\u00e4inten puolesta\",\"publisher\":{\"@id\":\"https:\/\/pesu.org\/wp\/#organization\"},\"potentialAction\":[{\"@type\":\"SearchAction\",\"target\":{\"@type\":\"EntryPoint\",\"urlTemplate\":\"https:\/\/pesu.org\/wp\/?s={search_term_string}\"},\"query-input\":{\"@type\":\"PropertyValueSpecification\",\"valueRequired\":true,\"valueName\":\"search_term_string\"}}],\"inLanguage\":\"fi\"},{\"@type\":\"Organization\",\"@id\":\"https:\/\/pesu.org\/wp\/#organization\",\"name\":\"Pirkanmaan el\u00e4insuojeluyhdistys, PESU ry\",\"url\":\"https:\/\/pesu.org\/wp\/\",\"logo\":{\"@type\":\"ImageObject\",\"inLanguage\":\"fi\",\"@id\":\"https:\/\/pesu.org\/wp\/#\/schema\/logo\/image\/\",\"url\":\"https:\/\/pesu.org\/wp\/wp-content\/uploads\/2024\/10\/Pesu_Logo_2019_RGB.jpg\",\"contentUrl\":\"https:\/\/pesu.org\/wp\/wp-content\/uploads\/2024\/10\/Pesu_Logo_2019_RGB.jpg\",\"width\":567,\"height\":391,\"caption\":\"Pirkanmaan el\u00e4insuojeluyhdistys, PESU ry\"},\"image\":{\"@id\":\"https:\/\/pesu.org\/wp\/#\/schema\/logo\/image\/\"},\"sameAs\":[\"https:\/\/www.facebook.com\/pesury\",\"https:\/\/www.instagram.com\/pesu_ry\/\"]}]}<\/script>\n<!-- \/ Yoast SEO plugin. -->","yoast_head_json":{"title":"FIV \u2013 kissan immuunikatovirus | Pirkanmaan el&auml;insuojeluyhdistys, PESU ry","robots":{"index":"index","follow":"follow","max-snippet":"max-snippet:-1","max-image-preview":"max-image-preview:large","max-video-preview":"max-video-preview:-1"},"canonical":"https:\/\/pesu.org\/wp\/elainten-hyvinvointi\/fiv-kissan-immuunikatovirus\/","og_locale":"fi_FI","og_type":"article","og_title":"FIV \u2013 kissan immuunikatovirus | Pirkanmaan el&auml;insuojeluyhdistys, PESU ry","og_description":"FIV on kissan immuunikadon aiheuttama virus. FIV on verrattavissa ihmisen HIV-virukseen. Virusta kantava kissa voi el\u00e4\u00e4 hyvin onnellisen ja pitk\u00e4nkin el\u00e4m\u00e4n. T\u00e4st\u00e4 viruksesta ei paljoa puhuta ja kissan omistajat usein kauhistelevat tautia pit\u00e4en sit\u00e4 \u201dpahana m\u00f6rk\u00f6n\u00e4\u201d. Harva kuitenkaan testauttaa virusta omalta kissaltaan, koska kissa on heid\u00e4n mielest\u00e4\u00e4n t\u00e4ysin terve. On kuitenkin mahdollista, ett\u00e4 osa n\u00e4ist\u00e4 [&hellip;]","og_url":"https:\/\/pesu.org\/wp\/elainten-hyvinvointi\/fiv-kissan-immuunikatovirus\/","og_site_name":"Pirkanmaan el&auml;insuojeluyhdistys, PESU ry","article_publisher":"https:\/\/www.facebook.com\/pesury","article_modified_time":"2024-11-29T11:09:03+00:00","og_image":[{"width":700,"height":467,"url":"https:\/\/pesu.org\/wp\/wp-content\/uploads\/2024\/11\/pesu-2013-3609.jpg","type":"image\/jpeg"}],"twitter_card":"summary_large_image","twitter_misc":{"Arvioitu lukuaika":"3 minuuttia"},"schema":{"@context":"https:\/\/schema.org","@graph":[{"@type":"WebPage","@id":"https:\/\/pesu.org\/wp\/elainten-hyvinvointi\/fiv-kissan-immuunikatovirus\/","url":"https:\/\/pesu.org\/wp\/elainten-hyvinvointi\/fiv-kissan-immuunikatovirus\/","name":"FIV \u2013 kissan immuunikatovirus | Pirkanmaan el&auml;insuojeluyhdistys, PESU ry","isPartOf":{"@id":"https:\/\/pesu.org\/wp\/#website"},"primaryImageOfPage":{"@id":"https:\/\/pesu.org\/wp\/elainten-hyvinvointi\/fiv-kissan-immuunikatovirus\/#primaryimage"},"image":{"@id":"https:\/\/pesu.org\/wp\/elainten-hyvinvointi\/fiv-kissan-immuunikatovirus\/#primaryimage"},"thumbnailUrl":"https:\/\/pesu.org\/wp\/wp-content\/uploads\/2024\/11\/pesu-2013-3609.jpg","datePublished":"2024-11-29T10:48:33+00:00","dateModified":"2024-11-29T11:09:03+00:00","breadcrumb":{"@id":"https:\/\/pesu.org\/wp\/elainten-hyvinvointi\/fiv-kissan-immuunikatovirus\/#breadcrumb"},"inLanguage":"fi","potentialAction":[{"@type":"ReadAction","target":["https:\/\/pesu.org\/wp\/elainten-hyvinvointi\/fiv-kissan-immuunikatovirus\/"]}]},{"@type":"ImageObject","inLanguage":"fi","@id":"https:\/\/pesu.org\/wp\/elainten-hyvinvointi\/fiv-kissan-immuunikatovirus\/#primaryimage","url":"https:\/\/pesu.org\/wp\/wp-content\/uploads\/2024\/11\/pesu-2013-3609.jpg","contentUrl":"https:\/\/pesu.org\/wp\/wp-content\/uploads\/2024\/11\/pesu-2013-3609.jpg","width":700,"height":467},{"@type":"BreadcrumbList","@id":"https:\/\/pesu.org\/wp\/elainten-hyvinvointi\/fiv-kissan-immuunikatovirus\/#breadcrumb","itemListElement":[{"@type":"ListItem","position":1,"name":"Etusivu","item":"https:\/\/pesu.org\/wp\/"},{"@type":"ListItem","position":2,"name":"El\u00e4inten hyvinvointi","item":"https:\/\/pesu.org\/wp\/elainten-hyvinvointi\/"},{"@type":"ListItem","position":3,"name":"FIV \u2013 kissan immuunikatovirus"}]},{"@type":"WebSite","@id":"https:\/\/pesu.org\/wp\/#website","url":"https:\/\/pesu.org\/wp\/","name":"Pirkanmaan el\u00e4insuojeluyhdistys, PESU ry","description":"Lemmikkien, tuotantoel\u00e4inten ja luonnonvaraisten el\u00e4inten puolesta","publisher":{"@id":"https:\/\/pesu.org\/wp\/#organization"},"potentialAction":[{"@type":"SearchAction","target":{"@type":"EntryPoint","urlTemplate":"https:\/\/pesu.org\/wp\/?s={search_term_string}"},"query-input":{"@type":"PropertyValueSpecification","valueRequired":true,"valueName":"search_term_string"}}],"inLanguage":"fi"},{"@type":"Organization","@id":"https:\/\/pesu.org\/wp\/#organization","name":"Pirkanmaan el\u00e4insuojeluyhdistys, PESU ry","url":"https:\/\/pesu.org\/wp\/","logo":{"@type":"ImageObject","inLanguage":"fi","@id":"https:\/\/pesu.org\/wp\/#\/schema\/logo\/image\/","url":"https:\/\/pesu.org\/wp\/wp-content\/uploads\/2024\/10\/Pesu_Logo_2019_RGB.jpg","contentUrl":"https:\/\/pesu.org\/wp\/wp-content\/uploads\/2024\/10\/Pesu_Logo_2019_RGB.jpg","width":567,"height":391,"caption":"Pirkanmaan el\u00e4insuojeluyhdistys, PESU ry"},"image":{"@id":"https:\/\/pesu.org\/wp\/#\/schema\/logo\/image\/"},"sameAs":["https:\/\/www.facebook.com\/pesury","https:\/\/www.instagram.com\/pesu_ry\/"]}]}},"_links":{"self":[{"href":"https:\/\/pesu.org\/wp\/wp-json\/wp\/v2\/pages\/3164","targetHints":{"allow":["GET"]}}],"collection":[{"href":"https:\/\/pesu.org\/wp\/wp-json\/wp\/v2\/pages"}],"about":[{"href":"https:\/\/pesu.org\/wp\/wp-json\/wp\/v2\/types\/page"}],"author":[{"embeddable":true,"href":"https:\/\/pesu.org\/wp\/wp-json\/wp\/v2\/users\/1"}],"replies":[{"embeddable":true,"href":"https:\/\/pesu.org\/wp\/wp-json\/wp\/v2\/comments?post=3164"}],"version-history":[{"count":1,"href":"https:\/\/pesu.org\/wp\/wp-json\/wp\/v2\/pages\/3164\/revisions"}],"predecessor-version":[{"id":3165,"href":"https:\/\/pesu.org\/wp\/wp-json\/wp\/v2\/pages\/3164\/revisions\/3165"}],"up":[{"embeddable":true,"href":"https:\/\/pesu.org\/wp\/wp-json\/wp\/v2\/pages\/757"}],"wp:featuredmedia":[{"embeddable":true,"href":"https:\/\/pesu.org\/wp\/wp-json\/wp\/v2\/media\/3171"}],"wp:attachment":[{"href":"https:\/\/pesu.org\/wp\/wp-json\/wp\/v2\/media?parent=3164"}],"curies":[{"name":"wp","href":"https:\/\/api.w.org\/{rel}","templated":true}]}}