{"id":630,"date":"2008-08-11T06:00:00","date_gmt":"2008-08-11T06:00:00","guid":{"rendered":"https:\/\/pesu.org\/wp\/2008\/08\/11\/jaesenlehti\/"},"modified":"2024-10-30T10:39:27","modified_gmt":"2024-10-30T10:39:27","slug":"jaesenlehti","status":"publish","type":"page","link":"https:\/\/pesu.org\/wp\/yhdistys\/jaesenlehti\/","title":{"rendered":"J\u00e4senlehti Pesuinfo"},"content":{"rendered":"<p>Pesun oma j\u00e4senlehti <strong>Pesuinfo<\/strong> ilmestyy kaksi kertaa vuodessa,&nbsp;kev\u00e4\u00e4ll\u00e4 ja syksyll\u00e4. Lehti on 28\u201332-sivuinen ja siin\u00e4 kerrotaan paikallistoiminnastamme sek\u00e4 yleisesti el\u00e4insuojelusta niin Pirkanmaalla kuin muuallakin Suomessa.&nbsp;<\/p>\n<p>Haluatko osallistua lehden tekoon? Onko sinulla aiheeseen sopivia&nbsp;juttuja, joita haluaisit julkaistavaksi lehdess\u00e4? Ota yhteytt\u00e4 <a href=\"mailto:pesuinfo@pesu.org\">pesuinfo@pesu.org<\/a>.<\/p>\n<h3>Vanhojen lehtien arkisto<\/h3>\n<p>Vanhojen lehtien arkistoon on koottu ilmestyneit\u00e4 Pesuinfoja vuosien varrelta. Lehdet julkaistaan viiveell\u00e4 ja lis\u00e4\u00e4 on siis tulossa!<\/p>\n<p><!-- 2020-1: https:\/\/drive.google.com\/open?id=17nRIilyDQ0_McO1bq0nwRXSer1X_rPJq --><\/p>\n<p><a href=\"https:\/\/drive.google.com\/open?id=1vANwqQJNB9kQU42LQ8RxJyvZQd_kRFZW\" target=\"_blank\" rel=\"noopener\">1-2\/2019 Pesuinfo<\/a><\/p>\n<p><a href=\"https:\/\/drive.google.com\/open?id=1v6kHe9TbnCYjPIhzpCrbus4rJOe9n0o0\" target=\"_blank\" rel=\"noopener\">1\/2018 Pesuinfo<\/a><br \/> <a href=\"https:\/\/drive.google.com\/open?id=1cxNXDP_DRmt7FtNrdYHjjJ8z3E8s4xPy\" target=\"_blank\" rel=\"noopener\">2\/2018 Pesuinfo<\/a><\/p>\n<p><a href=\"https:\/\/drive.google.com\/open?id=0B10vlm6g-wfOT3l6RlhoaHBQXzQ\" target=\"_blank\" rel=\"noopener\">1\/2017 Pesuinfo<\/a><br \/><a href=\"https:\/\/drive.google.com\/open?id=1cmxQXnufzy_URa3OM08W8WbeINz_TdPQ\" target=\"_blank\" rel=\"noopener\">2\/2017 Pesuinfo<\/a><\/p>\n<p>1\/2016 Pesuinfo<br \/><a href=\"https:\/\/drive.google.com\/open?id=0B4NNUMktMUgWSy1fY21peHN1Z1k\" target=\"_blank\" rel=\"noopener\">2\/2016 Pesuinfo<\/a><\/p>\n<p><a href=\"https:\/\/drive.google.com\/open?id=0B10vlm6g-wfOQ0VQS1dwMGdJLWc\" target=\"_blank\" rel=\"noopener\">1\/2015 Pesuinfo<\/a><br \/><a href=\"https:\/\/drive.google.com\/open?id=0B10vlm6g-wfOMWViRF80cFE4S0E\" target=\"_blank\" rel=\"noopener\">2\/2015 Pesuinfo<\/a><\/p>\n<p><a href=\"https:\/\/drive.google.com\/open?id=0B10vlm6g-wfOZlAtVlc2ODIzNVE\" target=\"_blank\" rel=\"noopener\">1\/2014 Pesuinfo<\/a><br \/><a href=\"https:\/\/drive.google.com\/open?id=0B10vlm6g-wfOZ0VOeGtadjl4TFU\" target=\"_blank\" rel=\"noopener\">2\/2014 Pesuinfo<\/a><\/p>\n<p><a href=\"https:\/\/drive.google.com\/open?id=0B10vlm6g-wfOOHVyRnJxcHkyUXM\" target=\"_blank\" rel=\"noopener\">1\/2013 Pesuinfo<\/a><br \/><a href=\"https:\/\/drive.google.com\/open?id=0B10vlm6g-wfOWTJzWjVMVnFPVVk\" target=\"_blank\" rel=\"noopener\">2\/2013&nbsp;Pesuinfo<br \/><\/a><\/p>\n<p><a href=\"https:\/\/drive.google.com\/open?id=0B10vlm6g-wfOM3FQejU3RGs0Nlk\" target=\"_blank\" rel=\"noopener\">1\/2012 Pesuinfo<br \/><\/a> <a href=\"https:\/\/drive.google.com\/open?id=0B10vlm6g-wfOeFVQaU1DU2V3clE\">2\/2012 Pesuinfo<\/a><\/p>\n<p><a href=\"https:\/\/drive.google.com\/open?id=0B10vlm6g-wfONVdYaHJidTJ5c1E\" target=\"_blank\" rel=\"noopener\">2\/2011 Pesuinfo<\/a><br \/><a href=\"https:\/\/drive.google.com\/open?id=0BzfOYPZKjiL6QVlGRzVVZXpqUjA\" target=\"_blank\" rel=\"noopener\">2\/2007 Pesuinfo<\/a><\/p>\n","protected":false},"excerpt":{"rendered":"<p>Pesun oma j\u00e4senlehti Pesuinfo ilmestyy kaksi kertaa vuodessa,&nbsp;kev\u00e4\u00e4ll\u00e4 ja syksyll\u00e4. Lehti on 28\u201332-sivuinen ja siin\u00e4 kerrotaan paikallistoiminnastamme sek\u00e4 yleisesti el\u00e4insuojelusta niin Pirkanmaalla kuin muuallakin Suomessa.&nbsp; Haluatko osallistua lehden tekoon? Onko sinulla aiheeseen sopivia&nbsp;juttuja, joita haluaisit julkaistavaksi lehdess\u00e4? Ota yhteytt\u00e4 pesuinfo@pesu.org. Vanhojen lehtien arkisto Vanhojen lehtien arkistoon on koottu ilmestyneit\u00e4 Pesuinfoja vuosien varrelta. Lehdet julkaistaan viiveell\u00e4 [&hellip;]<\/p>\n","protected":false},"author":12,"featured_media":0,"parent":631,"menu_order":14,"comment_status":"open","ping_status":"open","template":"","meta":{"_acf_changed":false,"_et_pb_use_builder":"","_et_pb_old_content":"","_et_gb_content_width":"","footnotes":""},"class_list":["post-630","page","type-page","status-publish","hentry"],"acf":[],"yoast_head":"<!-- This site is optimized with the Yoast SEO plugin v27.1.1 - https:\/\/yoast.com\/product\/yoast-seo-wordpress\/ -->\n<title>J\u00e4senlehti Pesuinfo | Pirkanmaan el&auml;insuojeluyhdistys, PESU ry<\/title>\n<meta name=\"robots\" content=\"index, follow, max-snippet:-1, max-image-preview:large, max-video-preview:-1\" \/>\n<link rel=\"canonical\" href=\"https:\/\/pesu.org\/wp\/yhdistys\/jaesenlehti\/\" \/>\n<meta property=\"og:locale\" content=\"fi_FI\" \/>\n<meta property=\"og:type\" content=\"article\" \/>\n<meta property=\"og:title\" content=\"J\u00e4senlehti Pesuinfo | Pirkanmaan el&auml;insuojeluyhdistys, PESU ry\" \/>\n<meta property=\"og:description\" content=\"Pesun oma j\u00e4senlehti Pesuinfo ilmestyy kaksi kertaa vuodessa,&nbsp;kev\u00e4\u00e4ll\u00e4 ja syksyll\u00e4. Lehti on 28\u201332-sivuinen ja siin\u00e4 kerrotaan paikallistoiminnastamme sek\u00e4 yleisesti el\u00e4insuojelusta niin Pirkanmaalla kuin muuallakin Suomessa.&nbsp; Haluatko osallistua lehden tekoon? Onko sinulla aiheeseen sopivia&nbsp;juttuja, joita haluaisit julkaistavaksi lehdess\u00e4? Ota yhteytt\u00e4 pesuinfo@pesu.org. Vanhojen lehtien arkisto Vanhojen lehtien arkistoon on koottu ilmestyneit\u00e4 Pesuinfoja vuosien varrelta. Lehdet julkaistaan viiveell\u00e4 [&hellip;]\" \/>\n<meta property=\"og:url\" content=\"https:\/\/pesu.org\/wp\/yhdistys\/jaesenlehti\/\" \/>\n<meta property=\"og:site_name\" content=\"Pirkanmaan el&auml;insuojeluyhdistys, PESU ry\" \/>\n<meta property=\"article:publisher\" content=\"https:\/\/www.facebook.com\/pesury\" \/>\n<meta property=\"article:modified_time\" content=\"2024-10-30T10:39:27+00:00\" \/>\n<meta name=\"twitter:card\" content=\"summary_large_image\" \/>\n<script type=\"application\/ld+json\" class=\"yoast-schema-graph\">{\"@context\":\"https:\/\/schema.org\",\"@graph\":[{\"@type\":\"WebPage\",\"@id\":\"https:\/\/pesu.org\/wp\/yhdistys\/jaesenlehti\/\",\"url\":\"https:\/\/pesu.org\/wp\/yhdistys\/jaesenlehti\/\",\"name\":\"J\u00e4senlehti Pesuinfo | Pirkanmaan el&auml;insuojeluyhdistys, PESU ry\",\"isPartOf\":{\"@id\":\"https:\/\/pesu.org\/wp\/#website\"},\"datePublished\":\"2008-08-11T06:00:00+00:00\",\"dateModified\":\"2024-10-30T10:39:27+00:00\",\"breadcrumb\":{\"@id\":\"https:\/\/pesu.org\/wp\/yhdistys\/jaesenlehti\/#breadcrumb\"},\"inLanguage\":\"fi\",\"potentialAction\":[{\"@type\":\"ReadAction\",\"target\":[\"https:\/\/pesu.org\/wp\/yhdistys\/jaesenlehti\/\"]}]},{\"@type\":\"BreadcrumbList\",\"@id\":\"https:\/\/pesu.org\/wp\/yhdistys\/jaesenlehti\/#breadcrumb\",\"itemListElement\":[{\"@type\":\"ListItem\",\"position\":1,\"name\":\"Etusivu\",\"item\":\"https:\/\/pesu.org\/wp\/\"},{\"@type\":\"ListItem\",\"position\":2,\"name\":\"Mik\u00e4 PESU?\",\"item\":\"https:\/\/pesu.org\/wp\/yhdistys\/\"},{\"@type\":\"ListItem\",\"position\":3,\"name\":\"J\u00e4senlehti Pesuinfo\"}]},{\"@type\":\"WebSite\",\"@id\":\"https:\/\/pesu.org\/wp\/#website\",\"url\":\"https:\/\/pesu.org\/wp\/\",\"name\":\"Pirkanmaan el\u00e4insuojeluyhdistys, PESU ry\",\"description\":\"Lemmikkien, tuotantoel\u00e4inten ja luonnonvaraisten el\u00e4inten puolesta\",\"publisher\":{\"@id\":\"https:\/\/pesu.org\/wp\/#organization\"},\"potentialAction\":[{\"@type\":\"SearchAction\",\"target\":{\"@type\":\"EntryPoint\",\"urlTemplate\":\"https:\/\/pesu.org\/wp\/?s={search_term_string}\"},\"query-input\":{\"@type\":\"PropertyValueSpecification\",\"valueRequired\":true,\"valueName\":\"search_term_string\"}}],\"inLanguage\":\"fi\"},{\"@type\":\"Organization\",\"@id\":\"https:\/\/pesu.org\/wp\/#organization\",\"name\":\"Pirkanmaan el\u00e4insuojeluyhdistys, PESU ry\",\"url\":\"https:\/\/pesu.org\/wp\/\",\"logo\":{\"@type\":\"ImageObject\",\"inLanguage\":\"fi\",\"@id\":\"https:\/\/pesu.org\/wp\/#\/schema\/logo\/image\/\",\"url\":\"https:\/\/pesu.org\/wp\/wp-content\/uploads\/2024\/10\/Pesu_Logo_2019_RGB.jpg\",\"contentUrl\":\"https:\/\/pesu.org\/wp\/wp-content\/uploads\/2024\/10\/Pesu_Logo_2019_RGB.jpg\",\"width\":567,\"height\":391,\"caption\":\"Pirkanmaan el\u00e4insuojeluyhdistys, PESU ry\"},\"image\":{\"@id\":\"https:\/\/pesu.org\/wp\/#\/schema\/logo\/image\/\"},\"sameAs\":[\"https:\/\/www.facebook.com\/pesury\",\"https:\/\/www.instagram.com\/pesu_ry\/\"]}]}<\/script>\n<!-- \/ Yoast SEO plugin. -->","yoast_head_json":{"title":"J\u00e4senlehti Pesuinfo | Pirkanmaan el&auml;insuojeluyhdistys, PESU ry","robots":{"index":"index","follow":"follow","max-snippet":"max-snippet:-1","max-image-preview":"max-image-preview:large","max-video-preview":"max-video-preview:-1"},"canonical":"https:\/\/pesu.org\/wp\/yhdistys\/jaesenlehti\/","og_locale":"fi_FI","og_type":"article","og_title":"J\u00e4senlehti Pesuinfo | Pirkanmaan el&auml;insuojeluyhdistys, PESU ry","og_description":"Pesun oma j\u00e4senlehti Pesuinfo ilmestyy kaksi kertaa vuodessa,&nbsp;kev\u00e4\u00e4ll\u00e4 ja syksyll\u00e4. Lehti on 28\u201332-sivuinen ja siin\u00e4 kerrotaan paikallistoiminnastamme sek\u00e4 yleisesti el\u00e4insuojelusta niin Pirkanmaalla kuin muuallakin Suomessa.&nbsp; Haluatko osallistua lehden tekoon? Onko sinulla aiheeseen sopivia&nbsp;juttuja, joita haluaisit julkaistavaksi lehdess\u00e4? Ota yhteytt\u00e4 pesuinfo@pesu.org. Vanhojen lehtien arkisto Vanhojen lehtien arkistoon on koottu ilmestyneit\u00e4 Pesuinfoja vuosien varrelta. Lehdet julkaistaan viiveell\u00e4 [&hellip;]","og_url":"https:\/\/pesu.org\/wp\/yhdistys\/jaesenlehti\/","og_site_name":"Pirkanmaan el&auml;insuojeluyhdistys, PESU ry","article_publisher":"https:\/\/www.facebook.com\/pesury","article_modified_time":"2024-10-30T10:39:27+00:00","twitter_card":"summary_large_image","schema":{"@context":"https:\/\/schema.org","@graph":[{"@type":"WebPage","@id":"https:\/\/pesu.org\/wp\/yhdistys\/jaesenlehti\/","url":"https:\/\/pesu.org\/wp\/yhdistys\/jaesenlehti\/","name":"J\u00e4senlehti Pesuinfo | Pirkanmaan el&auml;insuojeluyhdistys, PESU ry","isPartOf":{"@id":"https:\/\/pesu.org\/wp\/#website"},"datePublished":"2008-08-11T06:00:00+00:00","dateModified":"2024-10-30T10:39:27+00:00","breadcrumb":{"@id":"https:\/\/pesu.org\/wp\/yhdistys\/jaesenlehti\/#breadcrumb"},"inLanguage":"fi","potentialAction":[{"@type":"ReadAction","target":["https:\/\/pesu.org\/wp\/yhdistys\/jaesenlehti\/"]}]},{"@type":"BreadcrumbList","@id":"https:\/\/pesu.org\/wp\/yhdistys\/jaesenlehti\/#breadcrumb","itemListElement":[{"@type":"ListItem","position":1,"name":"Etusivu","item":"https:\/\/pesu.org\/wp\/"},{"@type":"ListItem","position":2,"name":"Mik\u00e4 PESU?","item":"https:\/\/pesu.org\/wp\/yhdistys\/"},{"@type":"ListItem","position":3,"name":"J\u00e4senlehti Pesuinfo"}]},{"@type":"WebSite","@id":"https:\/\/pesu.org\/wp\/#website","url":"https:\/\/pesu.org\/wp\/","name":"Pirkanmaan el\u00e4insuojeluyhdistys, PESU ry","description":"Lemmikkien, tuotantoel\u00e4inten ja luonnonvaraisten el\u00e4inten puolesta","publisher":{"@id":"https:\/\/pesu.org\/wp\/#organization"},"potentialAction":[{"@type":"SearchAction","target":{"@type":"EntryPoint","urlTemplate":"https:\/\/pesu.org\/wp\/?s={search_term_string}"},"query-input":{"@type":"PropertyValueSpecification","valueRequired":true,"valueName":"search_term_string"}}],"inLanguage":"fi"},{"@type":"Organization","@id":"https:\/\/pesu.org\/wp\/#organization","name":"Pirkanmaan el\u00e4insuojeluyhdistys, PESU ry","url":"https:\/\/pesu.org\/wp\/","logo":{"@type":"ImageObject","inLanguage":"fi","@id":"https:\/\/pesu.org\/wp\/#\/schema\/logo\/image\/","url":"https:\/\/pesu.org\/wp\/wp-content\/uploads\/2024\/10\/Pesu_Logo_2019_RGB.jpg","contentUrl":"https:\/\/pesu.org\/wp\/wp-content\/uploads\/2024\/10\/Pesu_Logo_2019_RGB.jpg","width":567,"height":391,"caption":"Pirkanmaan el\u00e4insuojeluyhdistys, PESU ry"},"image":{"@id":"https:\/\/pesu.org\/wp\/#\/schema\/logo\/image\/"},"sameAs":["https:\/\/www.facebook.com\/pesury","https:\/\/www.instagram.com\/pesu_ry\/"]}]}},"_links":{"self":[{"href":"https:\/\/pesu.org\/wp\/wp-json\/wp\/v2\/pages\/630","targetHints":{"allow":["GET"]}}],"collection":[{"href":"https:\/\/pesu.org\/wp\/wp-json\/wp\/v2\/pages"}],"about":[{"href":"https:\/\/pesu.org\/wp\/wp-json\/wp\/v2\/types\/page"}],"author":[{"embeddable":true,"href":"https:\/\/pesu.org\/wp\/wp-json\/wp\/v2\/users\/12"}],"replies":[{"embeddable":true,"href":"https:\/\/pesu.org\/wp\/wp-json\/wp\/v2\/comments?post=630"}],"version-history":[{"count":1,"href":"https:\/\/pesu.org\/wp\/wp-json\/wp\/v2\/pages\/630\/revisions"}],"predecessor-version":[{"id":1362,"href":"https:\/\/pesu.org\/wp\/wp-json\/wp\/v2\/pages\/630\/revisions\/1362"}],"up":[{"embeddable":true,"href":"https:\/\/pesu.org\/wp\/wp-json\/wp\/v2\/pages\/631"}],"wp:attachment":[{"href":"https:\/\/pesu.org\/wp\/wp-json\/wp\/v2\/media?parent=630"}],"curies":[{"name":"wp","href":"https:\/\/api.w.org\/{rel}","templated":true}]}}