{"id":645,"date":"2009-11-25T11:04:23","date_gmt":"2009-11-25T11:04:23","guid":{"rendered":"https:\/\/pesu.org\/wp\/2009\/11\/25\/yksityiset-kodinetsijaet\/"},"modified":"2025-05-03T05:31:21","modified_gmt":"2025-05-03T05:31:21","slug":"yksityiset-kodinetsijaet","status":"publish","type":"page","link":"https:\/\/pesu.org\/wp\/yksityiset-kodinetsijaet\/","title":{"rendered":"Yksityiset kodinetsij\u00e4t"},"content":{"rendered":"<p>[et_pb_section fb_built=&#8221;1&#8243; admin_label=&#8221;section&#8221; _builder_version=&#8221;4.16&#8243; global_colors_info=&#8221;{}&#8221;][et_pb_row _builder_version=&#8221;4.27.2&#8243; _module_preset=&#8221;default&#8221; global_colors_info=&#8221;{}&#8221;][et_pb_column type=&#8221;4_4&#8243; _builder_version=&#8221;4.27.2&#8243; _module_preset=&#8221;default&#8221; global_colors_info=&#8221;{}&#8221;][et_pb_post_title meta=&#8221;off&#8221; featured_image=&#8221;off&#8221; _builder_version=&#8221;4.27.2&#8243; _module_preset=&#8221;default&#8221; title_font_size=&#8221;36px&#8221; global_colors_info=&#8221;{}&#8221;][\/et_pb_post_title][\/et_pb_column][\/et_pb_row][et_pb_row admin_label=&#8221;row&#8221; _builder_version=&#8221;4.16&#8243; background_size=&#8221;initial&#8221; background_position=&#8221;top_left&#8221; background_repeat=&#8221;repeat&#8221; global_colors_info=&#8221;{}&#8221;][et_pb_column type=&#8221;4_4&#8243; _builder_version=&#8221;4.16&#8243; custom_padding=&#8221;|||&#8221; global_colors_info=&#8221;{}&#8221; custom_padding__hover=&#8221;|||&#8221;][et_pb_text admin_label=&#8221;Text&#8221; _builder_version=&#8221;4.27.4&#8243; background_size=&#8221;initial&#8221; background_position=&#8221;top_left&#8221; background_repeat=&#8221;repeat&#8221; custom_padding=&#8221;||0px|||&#8221; global_colors_info=&#8221;{}&#8221;]<\/p>\n<p><strong>T\u00e4ll\u00e4 sivulla ilmoitetut el\u00e4imet eiv\u00e4t ole PESU ry:n hoidossa, vaan niiden uudelleensijoitusta hoitaa yksityinen henkil\u00f6, jonka yhteystieto on ilmoituksessa. PESU ry ei osallistu el\u00e4imen luovutukseen tai hoitoon. El\u00e4imen luovuttaja ja uusi koti sopivat luovutusehdoista kesken\u00e4\u00e4n.<\/strong><\/p>\n<p>Voit ilmoittaa kodin tarpeessa olevasta el\u00e4imest\u00e4 t\u00e4ll\u00e4 sivulla. Ohjeet uuden kodin etsimiseen <a href=\"#ankkuri1\">alla<\/a>.<\/p>\n<p>[\/et_pb_text][\/et_pb_column][\/et_pb_row][et_pb_row _builder_version=&#8221;4.27.2&#8243; _module_preset=&#8221;default&#8221; global_colors_info=&#8221;{}&#8221;][et_pb_column type=&#8221;4_4&#8243; _builder_version=&#8221;4.27.2&#8243; _module_preset=&#8221;default&#8221; global_colors_info=&#8221;{}&#8221;][et_pb_custblog post_type=&#8221;kodittomat&#8221; include_categories_kodittomien-kategoria=&#8221;135&#8243; fullwidth=&#8221;off&#8221; show_author=&#8221;off&#8221; show_date=&#8221;off&#8221; show_categories=&#8221;off&#8221; masonry_tile_background_color=&#8221;#EDEDED&#8221; module_class=&#8221;pa-blog-image-1-1&#8243; _builder_version=&#8221;4.27.4&#8243; _module_preset=&#8221;default&#8221; header_level=&#8221;h3&#8243; header_text_color=&#8221;#DB5B12&#8243; custom_padding=&#8221;10px|10px|10px|10px|false|false&#8221; border_radii=&#8221;on|10px|10px|10px|10px&#8221; border_width_all=&#8221;0px&#8221; border_radii_image=&#8221;on|10px|10px|10px|10px&#8221; global_colors_info=&#8221;{}&#8221;][\/et_pb_custblog][et_pb_text admin_label=&#8221;Text&#8221; _builder_version=&#8221;4.27.4&#8243; background_size=&#8221;initial&#8221; background_position=&#8221;top_left&#8221; background_repeat=&#8221;repeat&#8221; custom_padding=&#8221;||0px|||&#8221; hover_enabled=&#8221;0&#8243; global_colors_info=&#8221;{}&#8221; module_id=&#8221;ankkuri1&#8243; sticky_enabled=&#8221;0&#8243;]<\/p>\n<h2 lang=\"fi-FI\" style=\"margin-bottom: 0cm;\">KUN ALAT ETSI\u00c4 LEMMIKILLESI UUTTA KOTIA<\/h2>\n<p lang=\"fi-FI\" style=\"margin-bottom: 0cm;\">Olet tullut tilanteeseen, jossa joudut etsim\u00e4\u00e4n lemmikillesi uuden kodin. Saatat tuntea olosi ep\u00e4varmaksi uudessa tilanteessa \u2013 miten varmistaa, ett\u00e4 uskollinen kaveri p\u00e4\u00e4see hyv\u00e4\u00e4n kotiin eik\u00e4 sen tulevaisuudesta tarvitse olla huolissaan?<\/p>\n<p style=\"margin-bottom: 0cm;\"><span lang=\"fi-FI\">Olemme koonneet t\u00e4h\u00e4n vinkkej\u00e4 siit\u00e4, mit\u00e4 kannattaa ottaa huomioon uutta kotia etsitt\u00e4ess\u00e4. <\/span><span lang=\"fi-FI\"><b>Kanikotien etsij\u00f6ille alla on listattu my\u00f6s muutama lis\u00e4vinkki oman otsikon alla! <\/b><\/span><span lang=\"fi-FI\"> Ole hyv\u00e4 ja lue n\u00e4m\u00e4 ohjeet. Onnea uuden kodin l\u00f6yt\u00e4miseen!<\/span><\/p>\n<p style=\"margin-bottom: 0cm;\"><b>Yleist\u00e4<\/b><\/p>\n<ul>\n<li>\n<p lang=\"fi-FI\" style=\"margin-bottom: 0cm;\"><span style=\"font-family: Calibri, sans-serif;\">Aloita uuden kodin etsiminen hyviss\u00e4 ajoin, \u00e4l\u00e4 odota viime tippaan. Kiireess\u00e4 voi tulla tehty\u00e4 h\u00e4tik\u00f6ityj\u00e4 ratkaisuja, eik\u00e4 stressi ole hyv\u00e4ksi niin sinulle kuin el\u00e4imellesik\u00e4\u00e4n. <\/span><\/p>\n<\/li>\n<li>\n<p lang=\"fi-FI\" style=\"margin-bottom: 0cm;\"><span style=\"font-family: Calibri, sans-serif;\">\u00c4l\u00e4 anna el\u00e4int\u00e4 ilmaiseksi. Edes pienen korvauksen ottaminen toimii todenn\u00e4k\u00f6isesti ep\u00e4m\u00e4\u00e4r\u00e4isimpien kotikandidaattien tai pahimmassa tapauksessa el\u00e4inten ker\u00e4ilij\u00f6iden karkottimena. Voit k\u00e4ytt\u00e4\u00e4 suuntaa-antavana tietona esim. Pesun luovutusmaksuja (<span style=\"color: #0000ff;\"><u><a class=\"western\" href=\"http:\/\/www.pesu.org\/kodittomat\">www.pesu.org\/kodittomat<\/a><\/u><\/span> el\u00e4imet).<\/span><\/p>\n<\/li>\n<li>\n<p lang=\"fi-FI\" style=\"margin-bottom: 0cm;\"><span style=\"font-family: Calibri, sans-serif;\">Mahdollisuuksien mukaan k\u00e4y ennen el\u00e4imen luovuttamista uudessa kodissa katsomassa, millaiseen paikkaan el\u00e4in olisi menossa. <\/span><\/p>\n<\/li>\n<li>\n<p lang=\"fi-FI\" style=\"margin-bottom: 0cm;\"><span style=\"font-family: Calibri, sans-serif;\">Pyyd\u00e4 kotiehdokasta tulemaan tutustumisk\u00e4ynnille luoksesi katsomaan el\u00e4int\u00e4 ennen p\u00e4\u00e4t\u00f6ksen tekemist\u00e4. Maltti on valttia puolin ja toisinkin!<\/span><\/p>\n<\/li>\n<li>\n<p lang=\"fi-FI\" style=\"margin-bottom: 0cm;\"><span style=\"font-family: Calibri, sans-serif;\">\u00c4l\u00e4 luovuta el\u00e4int\u00e4 uuteen kotiin parkkipaikoilla, huoltsikan pihassa jne. Vastuullisilla el\u00e4imenhankkijoilla ei ole mit\u00e4\u00e4n salattavaa oman asuinpaikkansa suhteen.<\/span><\/p>\n<\/li>\n<li>\n<p lang=\"fi-FI\" style=\"margin-bottom: 0cm;\"><span style=\"font-family: Calibri, sans-serif;\">Tarkista kotiehdokkailta, ett\u00e4 n\u00e4m\u00e4 varmasti ymm\u00e4rt\u00e4v\u00e4t vastuun, jonka el\u00e4imen hankkiminen tuo tullessaan. Kaikenkokoisista el\u00e4imist\u00e4 aiheutuu kustannuksia niiden koko el\u00e4m\u00e4n ajan. Mahdollinen hankintakustannus on vain murto-osa siit\u00e4, mit\u00e4 lemmikin omistaminen ajan mittaan maksaa.<\/span><\/p>\n<\/li>\n<li>\n<p lang=\"fi-FI\" style=\"margin-bottom: 0cm;\"><span style=\"font-family: Calibri, sans-serif;\">Kysy aina, MIKSI kyselij\u00e4 haluaa koira\/kissan\/kanin\/jne. Varmista, ettei lemmikin hankinta todellakaan olisi vain hetken p\u00e4\u00e4h\u00e4npisto.<\/span><\/p>\n<\/li>\n<li>\n<p lang=\"fi-FI\" style=\"margin-bottom: 0cm;\"><span style=\"font-family: Calibri, sans-serif;\">Esit\u00e4 kysymyksi\u00e4 kotiehdokkaan aikaisemmasta el\u00e4inkokemuksesta: millainen el\u00e4in ollut aikaisemmin, mist\u00e4 hankittu, kauanko oli omistajalla, mit\u00e4 el\u00e4imelle tapahtui jos ei ole omistajalla en\u00e4\u00e4, miss\u00e4 el\u00e4in tulee asumaan uudessa kodissa jne. <\/span><\/p>\n<\/li>\n<li>\n<p lang=\"fi-FI\" style=\"margin-bottom: 0cm;\"><span style=\"font-family: Calibri, sans-serif;\">Jos h\u00e4lytyskellot alkavat soida, luota siihen. \u00c4l\u00e4 kiirehdi kodin l\u00f6yt\u00e4mist\u00e4 \u2013 el\u00e4imesi tulee olemaan paljon onnellisempi, kun teet taustaty\u00f6n kunnolla!<\/span><\/p>\n<\/li>\n<li>\n<p lang=\"fi-FI\" style=\"margin-bottom: 0cm;\"><span style=\"font-family: Calibri, sans-serif;\">Sovi my\u00f6s siit\u00e4, miten toimia jos el\u00e4in ei syyst\u00e4 tai toisesta sopeudukaan uuteen kotiin. <\/span><\/p>\n<\/li>\n<li>\n<p lang=\"fi-FI\" style=\"margin-bottom: 0cm;\"><span style=\"font-family: Calibri, sans-serif;\">Tee el\u00e4imest\u00e4 uuden kodin kanssa aina kirjallinen sopimus. Koiria varten esimerkiksi <a href=\"https:\/\/www.kennelliitto.fi\/kasvatus-ja-terveys\/vastuullinen-koirankasvatus\/kennelliiton-sopimuslomakkeet\">Kennelliiton sivuilta l\u00f6ytyy sopimuspohja<\/a>, jota voit k\u00e4ytt\u00e4\u00e4. V<\/span><span style=\"font-family: Calibri, sans-serif;\">oit my\u00f6s laatia oman sopimuksen em. pohjan tietoja soveltaen. <\/span><\/p>\n<\/li>\n<\/ul>\n<h4 lang=\"fi-FI\" style=\"margin-left: 1.27cm; margin-bottom: 0cm;\"><span style=\"font-family: Calibri, sans-serif;\"><b>KANIT<\/b><\/span><\/h4>\n<ul>\n<li>\n<p lang=\"fi-FI\" style=\"margin-bottom: 0cm;\"><span style=\"font-family: Calibri, sans-serif;\">Luovutusmaksu esim. 60 euroa (leikkaamaton kani).<\/span><\/p>\n<\/li>\n<li>\n<p lang=\"fi-FI\" style=\"margin-bottom: 0cm;\"><span style=\"font-family: Calibri, sans-serif;\">Haastattele kyselij\u00e4t. Selvit\u00e4 esim. seuraavia asioita: <\/span><\/p>\n<ul>\n<li>\n<p lang=\"fi-FI\" style=\"margin-bottom: 0cm;\"><span style=\"font-family: Calibri, sans-serif;\">perheen muut el\u00e4imet (koira voi saalistaa kania, kissa ei muuten vain tykk\u00e4\u00e4 tms.)<\/span><\/p>\n<\/li>\n<li>\n<p lang=\"fi-FI\" style=\"margin-bottom: 0cm;\"><span style=\"font-family: Calibri, sans-serif;\">aiemmat lemmikit, mit\u00e4 niille tapahtui<\/span><\/p>\n<\/li>\n<li>\n<p lang=\"fi-FI\" style=\"margin-bottom: 0cm;\"><span style=\"font-family: Calibri, sans-serif;\">onko perheess\u00e4 pieni\u00e4 lapsia<\/span><\/p>\n<\/li>\n<li>\n<p lang=\"fi-FI\" style=\"margin-bottom: 0cm;\"><span style=\"font-family: Calibri, sans-serif;\">mihin kanin asumus sijoitetaan (esim. makuuhuone ei kovin hyv\u00e4, kani on h\u00e4m\u00e4r\u00e4el\u00e4in ja siit\u00e4 l\u00e4htee aika paljon \u00e4\u00e4nt\u00e4 kun se y\u00f6ll\u00e4 touhuilee; ei television viereen olkkariin)<\/span><\/p>\n<\/li>\n<li>\n<p lang=\"fi-FI\" style=\"margin-bottom: 0cm;\"><span style=\"font-family: Calibri, sans-serif;\">vapaanapito: eritt\u00e4in t\u00e4rke\u00e4 seikka! Eritt\u00e4in hyv\u00e4 koti olisi sellainen, joka voi pit\u00e4\u00e4 kania koko ajan vapaana tai jossa on sille ainakin tekee iso aitaus siksi aikaa, kun sit\u00e4 ei voi pit\u00e4\u00e4 valvomatta vapaana muualla asunnossa. <\/span><\/p>\n<\/li>\n<li>\n<p lang=\"fi-FI\" style=\"margin-bottom: 0cm;\"><span style=\"font-family: Calibri, sans-serif;\">kenen vastuulla perheess\u00e4 hoito on.<\/span><\/p>\n<\/li>\n<\/ul>\n<\/li>\n<li>\n<p lang=\"fi-FI\" style=\"margin-bottom: 0cm;\"><span style=\"font-family: Calibri, sans-serif;\">Kani on laumael\u00e4in, ja joten perheess\u00e4 olisi hyv\u00e4 olla sille kaveri. Leikkaaminen on suositeltavaa, jotta eri sukupuolta olevat kanit voisivat el\u00e4\u00e4 yhdess\u00e4 ilman pelkoa kanilauman syntymisest\u00e4.<\/span><\/p>\n<\/li>\n<li>\n<p lang=\"fi-FI\" style=\"margin-bottom: 0cm;\"><span style=\"font-family: Calibri, sans-serif;\">Kun kania tullaan katsomaan, tarkkaile, miten kotiehdokas k\u00e4sittelee sit\u00e4. Esit\u00e4 kysymyksi\u00e4 hoidosta ja ruokinnasta. <\/span><\/p>\n<\/li>\n<li>\n<p lang=\"fi-FI\" style=\"margin-bottom: 0cm;\"><span style=\"font-family: Calibri, sans-serif;\">Voit ohjeistaa uutta kotia lukemaan PESUn sivuilta kanin hoito-ohjeet: <a href=\"https:\/\/pesu.org\/wp\/elainten-hyvinvointi\/kanit-ja-niiden-hoito\/\">pesu.org\/wp\/elainten-hyvinvointi\/kanit-ja-niiden-hoito<\/a><\/span><\/p>\n<\/li>\n<li>\n<p lang=\"fi-FI\" style=\"margin-bottom: 0cm;\"><span style=\"font-family: Calibri, sans-serif;\">Tee uuden omistajan kanssa luovutussopimus, jossa on kummankin osapuolen yhteystiedot, kanin tiedot ja kuvaus sek\u00e4 maininta luovutusmaksusta.<\/span><\/p>\n<\/li>\n<li>\n<p lang=\"fi-FI\" style=\"margin-bottom: 0cm;\"><span style=\"font-family: Calibri, sans-serif;\">\u00c4l\u00e4 luovuta kania uudelle omistajalle parkkipaikalla, huoltsikan pihassa tms. Vastuullisilla kaninottajilla ei ole mit\u00e4\u00e4n salattavaa oman asuinpaikkansa suhteen.<\/span><\/p>\n<\/li>\n<\/ul>\n<h3 style=\"margin-bottom: 0cm;\"><b>N\u00c4IN LAADIT ILMOITUKSEN PESUN YKSITYISIIN:<\/b><\/h3>\n<ul>\n<li>\n<p style=\"margin-bottom: 0cm;\">Ota el\u00e4imest\u00e4 edustava mutta todenmukainen <b>valokuva<\/b> \u2013 se kertoo enemm\u00e4n kuin tuhat sanaa.<\/p>\n<\/li>\n<li>\n<p style=\"margin-bottom: 0cm;\">Kirjoita el\u00e4imest\u00e4 lyhyehk\u00f6 mutta kiinnostava kuvaus. PESUlla ei ole mahdollisuutta editoida l\u00e4hett\u00e4m\u00e4\u00e4si materiaalia, ja pelkk\u00e4 ranskalaisten viivojen k\u00e4ytt\u00f6 ei ehk\u00e4 kiinnit\u00e4 huomiota tarpeeksi.<\/p>\n<\/li>\n<li>\n<p style=\"margin-bottom: 0cm;\">Ole rehellinen el\u00e4imesi <b>tavoista, k\u00e4ytt\u00e4ytymisest\u00e4, mahdollisista terveysongelmista<\/b>. Jos jokin olennainen asia tulee uudelle kodille yll\u00e4tyksen\u00e4, asiasta voi olla paljon haittaa.<\/p>\n<\/li>\n<li>\n<p style=\"margin-bottom: 0cm;\">Muista kuitenkin ne hyv\u00e4t puolet! \u00c4l\u00e4 keskity liikaa pahoihin tapoihin tms., sill\u00e4 jokaisessa el\u00e4imess\u00e4 on my\u00f6s paljon positiivista \u2013 eih\u00e4n el\u00e4in muutoin olisi sinullakaan ollut! <span style=\"font-family: Wingdings;\">\uf04a<\/span><\/p>\n<\/li>\n<li>\n<p style=\"margin-bottom: 0cm;\">Kerro v\u00e4hint\u00e4\u00e4n:<\/p>\n<\/li>\n<\/ul>\n<ol>\n<li><b>ik\u00e4<\/b> tai arvio i\u00e4st\u00e4, <b>sukupuoli, onko leikattu, rokotukset<\/b><\/li>\n<li><b>paikkakunta<\/b>, miss\u00e4 p\u00e4in el\u00e4in sijaitsee<\/li>\n<li>maa, jossa el\u00e4in on syntynyt, jos se on muu kuin Suomi<\/li>\n<li>syy luopumiseen<\/li>\n<li>onko el\u00e4in <b>tottunut lapsiin ja muihin el\u00e4imiin<\/b> (mainitse mihin), mink\u00e4laisessa ymp\u00e4rist\u00f6ss\u00e4 se on aiemmin asunut<\/li>\n<li>oma <b>nimesi ja haluamasi yhteystiedot<\/b>. Nimimerkki-ilmoituksia PESU ei julkaise<\/li>\n<\/ol>\n<ul>\n<li>\n<p style=\"margin-bottom: 0cm;\">Voit laittaa jo ilmoitukseen mukaan tiedon luovutusmaksusta ja sopimuksen laatimisesta. <b>Luovutusmaksu<\/b> on eritt\u00e4in suositeltavaa pyyt\u00e4\u00e4!<\/p>\n<\/li>\n<li>\n<p style=\"margin-bottom: 0cm;\">L\u00e4het\u00e4 ilmoitus ja kuva osoitteeseen <span style=\"color: #0000ff;\"><u><a class=\"western\" href=\"mailto:yksityiset@pesu.org\">yksityiset@pesu.org<\/a><\/u><\/span>.<\/p>\n<\/li>\n<li>\n<p style=\"margin-bottom: 0cm;\">Ilmoita samaan osoitteseen, kun el\u00e4in on saanut kodin, jotta voimme poistaa ilmoituksesi sivuilta.<\/p>\n<\/li>\n<li>Emme julkaise el\u00e4insuojeluyhdistyksen arvojen vastaisia ilmoituksia.<\/li>\n<\/ul>\n<p>[\/et_pb_text][\/et_pb_column][\/et_pb_row][\/et_pb_section]<\/p>\n","protected":false},"excerpt":{"rendered":"<p>T\u00e4ll\u00e4 sivulla ilmoitetut el\u00e4imet eiv\u00e4t ole PESU ry:n hoidossa, vaan niiden uudelleensijoitusta hoitaa yksityinen henkil\u00f6, jonka yhteystieto on ilmoituksessa. PESU ry ei osallistu el\u00e4imen luovutukseen tai hoitoon. El\u00e4imen luovuttaja ja uusi koti sopivat luovutusehdoista kesken\u00e4\u00e4n. Voit ilmoittaa kodin tarpeessa olevasta el\u00e4imest\u00e4 t\u00e4ll\u00e4 sivulla. Ohjeet uuden kodin etsimiseen alla.KUN ALAT ETSI\u00c4 LEMMIKILLESI UUTTA KOTIA Olet tullut [&hellip;]<\/p>\n","protected":false},"author":12,"featured_media":0,"parent":0,"menu_order":4,"comment_status":"open","ping_status":"closed","template":"","meta":{"_acf_changed":false,"_et_pb_use_builder":"on","_et_pb_old_content":"<strong>T\u00e4ll\u00e4 sivulla ilmoitetut el\u00e4imet eiv\u00e4t ole Pesu ry:n hoidossa, vaan niiden uudelleensijoitusta hoitaa yksityinen henkil\u00f6, jonka yhteystieto on ilmoituksessa. Pesu ry ei osallistu el\u00e4imen luovutukseen tai hoitoon. El\u00e4imen luovuttaja ja uusi koti sopivat luovutusehdoista kesken\u00e4\u00e4n.<br \/><br \/><\/strong>Voit ilmoittaa kodin tarpeessa olevasta el\u00e4imest\u00e4 t\u00e4ll\u00e4 sivulla. Emme julkaise el\u00e4insuojeluyhdistyksen arvojen vastaisia ilmoituksia.<br \/><strong>Tarkemmat tiedot: <\/strong><a href=\"mailto:yksityiset@pesu.org\">yksityiset@pesu.org<\/a>&nbsp;<br \/><br \/>Ohjeita uuden kodin etsimiseen:<br \/><a class=\"jce_file\" title=\"Ilmoituksen laatiminen\" href=\"images\/stories\/yksityiset_kodinetsijat\/ILMOITUKSEN_LAATIMINEN.doc\">Ilmoituksen laatiminen<\/a>&nbsp; (.doc-tiedosto)<br \/><a class=\"jce_file\" title=\"Kun alat etsi\u00e4 lemmikillesi kotia\" href=\"images\/stories\/yksityiset_kodinetsijat\/KUN_ALAT_ETSI_LEMMIKILLESI_UUTTA_KOTIA.doc\">Kun alat etsi\u00e4 lemmikillesi kotia<\/a>&nbsp; (.doc-tiedosto)","_et_gb_content_width":"","footnotes":""},"class_list":["post-645","page","type-page","status-publish","hentry"],"acf":[],"yoast_head":"<!-- This site is optimized with the Yoast SEO plugin v27.1.1 - https:\/\/yoast.com\/product\/yoast-seo-wordpress\/ -->\n<title>Yksityiset kodinetsij\u00e4t | Pirkanmaan el&auml;insuojeluyhdistys, PESU ry<\/title>\n<meta name=\"robots\" content=\"index, follow, max-snippet:-1, max-image-preview:large, max-video-preview:-1\" \/>\n<link rel=\"canonical\" href=\"https:\/\/pesu.org\/wp\/yksityiset-kodinetsijaet\/\" \/>\n<meta property=\"og:locale\" content=\"fi_FI\" \/>\n<meta property=\"og:type\" content=\"article\" \/>\n<meta property=\"og:title\" content=\"Yksityiset kodinetsij\u00e4t | Pirkanmaan el&auml;insuojeluyhdistys, PESU ry\" \/>\n<meta property=\"og:description\" content=\"T\u00e4ll\u00e4 sivulla ilmoitetut el\u00e4imet eiv\u00e4t ole PESU ry:n hoidossa, vaan niiden uudelleensijoitusta hoitaa yksityinen henkil\u00f6, jonka yhteystieto on ilmoituksessa. PESU ry ei osallistu el\u00e4imen luovutukseen tai hoitoon. El\u00e4imen luovuttaja ja uusi koti sopivat luovutusehdoista kesken\u00e4\u00e4n. Voit ilmoittaa kodin tarpeessa olevasta el\u00e4imest\u00e4 t\u00e4ll\u00e4 sivulla. Ohjeet uuden kodin etsimiseen alla.KUN ALAT ETSI\u00c4 LEMMIKILLESI UUTTA KOTIA Olet tullut [&hellip;]\" \/>\n<meta property=\"og:url\" content=\"https:\/\/pesu.org\/wp\/yksityiset-kodinetsijaet\/\" \/>\n<meta property=\"og:site_name\" content=\"Pirkanmaan el&auml;insuojeluyhdistys, PESU ry\" \/>\n<meta property=\"article:publisher\" content=\"https:\/\/www.facebook.com\/pesury\" \/>\n<meta property=\"article:modified_time\" content=\"2025-05-03T05:31:21+00:00\" \/>\n<meta name=\"twitter:card\" content=\"summary_large_image\" \/>\n<meta name=\"twitter:label1\" content=\"Arvioitu lukuaika\" \/>\n\t<meta name=\"twitter:data1\" content=\"6 minuuttia\" \/>\n<script type=\"application\/ld+json\" class=\"yoast-schema-graph\">{\"@context\":\"https:\/\/schema.org\",\"@graph\":[{\"@type\":\"WebPage\",\"@id\":\"https:\/\/pesu.org\/wp\/yksityiset-kodinetsijaet\/\",\"url\":\"https:\/\/pesu.org\/wp\/yksityiset-kodinetsijaet\/\",\"name\":\"Yksityiset kodinetsij\u00e4t | Pirkanmaan el&auml;insuojeluyhdistys, PESU ry\",\"isPartOf\":{\"@id\":\"https:\/\/pesu.org\/wp\/#website\"},\"datePublished\":\"2009-11-25T11:04:23+00:00\",\"dateModified\":\"2025-05-03T05:31:21+00:00\",\"breadcrumb\":{\"@id\":\"https:\/\/pesu.org\/wp\/yksityiset-kodinetsijaet\/#breadcrumb\"},\"inLanguage\":\"fi\",\"potentialAction\":[{\"@type\":\"ReadAction\",\"target\":[\"https:\/\/pesu.org\/wp\/yksityiset-kodinetsijaet\/\"]}]},{\"@type\":\"BreadcrumbList\",\"@id\":\"https:\/\/pesu.org\/wp\/yksityiset-kodinetsijaet\/#breadcrumb\",\"itemListElement\":[{\"@type\":\"ListItem\",\"position\":1,\"name\":\"Etusivu\",\"item\":\"https:\/\/pesu.org\/wp\/\"},{\"@type\":\"ListItem\",\"position\":2,\"name\":\"Yksityiset kodinetsij\u00e4t\"}]},{\"@type\":\"WebSite\",\"@id\":\"https:\/\/pesu.org\/wp\/#website\",\"url\":\"https:\/\/pesu.org\/wp\/\",\"name\":\"Pirkanmaan el\u00e4insuojeluyhdistys, PESU ry\",\"description\":\"Lemmikkien, tuotantoel\u00e4inten ja luonnonvaraisten el\u00e4inten puolesta\",\"publisher\":{\"@id\":\"https:\/\/pesu.org\/wp\/#organization\"},\"potentialAction\":[{\"@type\":\"SearchAction\",\"target\":{\"@type\":\"EntryPoint\",\"urlTemplate\":\"https:\/\/pesu.org\/wp\/?s={search_term_string}\"},\"query-input\":{\"@type\":\"PropertyValueSpecification\",\"valueRequired\":true,\"valueName\":\"search_term_string\"}}],\"inLanguage\":\"fi\"},{\"@type\":\"Organization\",\"@id\":\"https:\/\/pesu.org\/wp\/#organization\",\"name\":\"Pirkanmaan el\u00e4insuojeluyhdistys, PESU ry\",\"url\":\"https:\/\/pesu.org\/wp\/\",\"logo\":{\"@type\":\"ImageObject\",\"inLanguage\":\"fi\",\"@id\":\"https:\/\/pesu.org\/wp\/#\/schema\/logo\/image\/\",\"url\":\"https:\/\/pesu.org\/wp\/wp-content\/uploads\/2024\/10\/Pesu_Logo_2019_RGB.jpg\",\"contentUrl\":\"https:\/\/pesu.org\/wp\/wp-content\/uploads\/2024\/10\/Pesu_Logo_2019_RGB.jpg\",\"width\":567,\"height\":391,\"caption\":\"Pirkanmaan el\u00e4insuojeluyhdistys, PESU ry\"},\"image\":{\"@id\":\"https:\/\/pesu.org\/wp\/#\/schema\/logo\/image\/\"},\"sameAs\":[\"https:\/\/www.facebook.com\/pesury\",\"https:\/\/www.instagram.com\/pesu_ry\/\"]}]}<\/script>\n<!-- \/ Yoast SEO plugin. -->","yoast_head_json":{"title":"Yksityiset kodinetsij\u00e4t | Pirkanmaan el&auml;insuojeluyhdistys, PESU ry","robots":{"index":"index","follow":"follow","max-snippet":"max-snippet:-1","max-image-preview":"max-image-preview:large","max-video-preview":"max-video-preview:-1"},"canonical":"https:\/\/pesu.org\/wp\/yksityiset-kodinetsijaet\/","og_locale":"fi_FI","og_type":"article","og_title":"Yksityiset kodinetsij\u00e4t | Pirkanmaan el&auml;insuojeluyhdistys, PESU ry","og_description":"T\u00e4ll\u00e4 sivulla ilmoitetut el\u00e4imet eiv\u00e4t ole PESU ry:n hoidossa, vaan niiden uudelleensijoitusta hoitaa yksityinen henkil\u00f6, jonka yhteystieto on ilmoituksessa. PESU ry ei osallistu el\u00e4imen luovutukseen tai hoitoon. El\u00e4imen luovuttaja ja uusi koti sopivat luovutusehdoista kesken\u00e4\u00e4n. Voit ilmoittaa kodin tarpeessa olevasta el\u00e4imest\u00e4 t\u00e4ll\u00e4 sivulla. Ohjeet uuden kodin etsimiseen alla.KUN ALAT ETSI\u00c4 LEMMIKILLESI UUTTA KOTIA Olet tullut [&hellip;]","og_url":"https:\/\/pesu.org\/wp\/yksityiset-kodinetsijaet\/","og_site_name":"Pirkanmaan el&auml;insuojeluyhdistys, PESU ry","article_publisher":"https:\/\/www.facebook.com\/pesury","article_modified_time":"2025-05-03T05:31:21+00:00","twitter_card":"summary_large_image","twitter_misc":{"Arvioitu lukuaika":"6 minuuttia"},"schema":{"@context":"https:\/\/schema.org","@graph":[{"@type":"WebPage","@id":"https:\/\/pesu.org\/wp\/yksityiset-kodinetsijaet\/","url":"https:\/\/pesu.org\/wp\/yksityiset-kodinetsijaet\/","name":"Yksityiset kodinetsij\u00e4t | Pirkanmaan el&auml;insuojeluyhdistys, PESU ry","isPartOf":{"@id":"https:\/\/pesu.org\/wp\/#website"},"datePublished":"2009-11-25T11:04:23+00:00","dateModified":"2025-05-03T05:31:21+00:00","breadcrumb":{"@id":"https:\/\/pesu.org\/wp\/yksityiset-kodinetsijaet\/#breadcrumb"},"inLanguage":"fi","potentialAction":[{"@type":"ReadAction","target":["https:\/\/pesu.org\/wp\/yksityiset-kodinetsijaet\/"]}]},{"@type":"BreadcrumbList","@id":"https:\/\/pesu.org\/wp\/yksityiset-kodinetsijaet\/#breadcrumb","itemListElement":[{"@type":"ListItem","position":1,"name":"Etusivu","item":"https:\/\/pesu.org\/wp\/"},{"@type":"ListItem","position":2,"name":"Yksityiset kodinetsij\u00e4t"}]},{"@type":"WebSite","@id":"https:\/\/pesu.org\/wp\/#website","url":"https:\/\/pesu.org\/wp\/","name":"Pirkanmaan el\u00e4insuojeluyhdistys, PESU ry","description":"Lemmikkien, tuotantoel\u00e4inten ja luonnonvaraisten el\u00e4inten puolesta","publisher":{"@id":"https:\/\/pesu.org\/wp\/#organization"},"potentialAction":[{"@type":"SearchAction","target":{"@type":"EntryPoint","urlTemplate":"https:\/\/pesu.org\/wp\/?s={search_term_string}"},"query-input":{"@type":"PropertyValueSpecification","valueRequired":true,"valueName":"search_term_string"}}],"inLanguage":"fi"},{"@type":"Organization","@id":"https:\/\/pesu.org\/wp\/#organization","name":"Pirkanmaan el\u00e4insuojeluyhdistys, PESU ry","url":"https:\/\/pesu.org\/wp\/","logo":{"@type":"ImageObject","inLanguage":"fi","@id":"https:\/\/pesu.org\/wp\/#\/schema\/logo\/image\/","url":"https:\/\/pesu.org\/wp\/wp-content\/uploads\/2024\/10\/Pesu_Logo_2019_RGB.jpg","contentUrl":"https:\/\/pesu.org\/wp\/wp-content\/uploads\/2024\/10\/Pesu_Logo_2019_RGB.jpg","width":567,"height":391,"caption":"Pirkanmaan el\u00e4insuojeluyhdistys, PESU ry"},"image":{"@id":"https:\/\/pesu.org\/wp\/#\/schema\/logo\/image\/"},"sameAs":["https:\/\/www.facebook.com\/pesury","https:\/\/www.instagram.com\/pesu_ry\/"]}]}},"_links":{"self":[{"href":"https:\/\/pesu.org\/wp\/wp-json\/wp\/v2\/pages\/645","targetHints":{"allow":["GET"]}}],"collection":[{"href":"https:\/\/pesu.org\/wp\/wp-json\/wp\/v2\/pages"}],"about":[{"href":"https:\/\/pesu.org\/wp\/wp-json\/wp\/v2\/types\/page"}],"author":[{"embeddable":true,"href":"https:\/\/pesu.org\/wp\/wp-json\/wp\/v2\/users\/12"}],"replies":[{"embeddable":true,"href":"https:\/\/pesu.org\/wp\/wp-json\/wp\/v2\/comments?post=645"}],"version-history":[{"count":20,"href":"https:\/\/pesu.org\/wp\/wp-json\/wp\/v2\/pages\/645\/revisions"}],"predecessor-version":[{"id":4029,"href":"https:\/\/pesu.org\/wp\/wp-json\/wp\/v2\/pages\/645\/revisions\/4029"}],"wp:attachment":[{"href":"https:\/\/pesu.org\/wp\/wp-json\/wp\/v2\/media?parent=645"}],"curies":[{"name":"wp","href":"https:\/\/api.w.org\/{rel}","templated":true}]}}