{"id":718,"date":"2019-09-24T08:21:42","date_gmt":"2019-09-24T08:21:42","guid":{"rendered":"https:\/\/pesu.org\/wp\/2019\/09\/24\/kirppispoydat-ja-lahjoitukset\/"},"modified":"2026-03-24T17:26:18","modified_gmt":"2026-03-24T17:26:18","slug":"kirppispoydat-ja-lahjoitukset","status":"publish","type":"page","link":"https:\/\/pesu.org\/wp\/miten-voin-auttaa\/kirppispoydat-ja-lahjoitukset\/","title":{"rendered":"Kirppisp\u00f6yd\u00e4t ja -lahjoitukset"},"content":{"rendered":"<p>Voit tukea toimintaamme ostamalla tuotteita kirppisp\u00f6ydist\u00e4mme tai lahjoittamalla meille myyt\u00e4v\u00e4\u00e4!<\/p>\n<p>PESUlla on t\u00e4ll\u00e4 hetkell\u00e4 myyntip\u00f6yti\u00e4 seuraavilla kirpputoreilla:<\/p>\n<ul>\n<li><a href=\"https:\/\/www.google.com\/url?sa=t&amp;rct=j&amp;q=&amp;esrc=s&amp;source=web&amp;cd=&amp;cad=rja&amp;uact=8&amp;ved=2ahUKEwiajMfRxtztAhUU2SoKHfQMDaUQFjAAegQIARAE&amp;url=https%3A%2F%2Fkirpputoriswap.fi%2F&amp;usg=AOvVaw0n34lTPe_Rxlqnh2H7N_PM\" target=\"_blank\" rel=\"noopener\">Swap<\/a>, Tampere (Hervanta)<\/li>\n<li><a href=\"https:\/\/www.westkirppis.fi\/\" target=\"_blank\" rel=\"noopener\">West<\/a>, Tampere (Tesoma)<\/li>\n<li><a href=\"https:\/\/www.kirppisropelli.fi\/\" target=\"_blank\" rel=\"noopener\">Ropelli<\/a>, Pirkkala<\/li>\n<li><a href=\"https:\/\/pirkankirpputorikeskus.fi\/\" target=\"_blank\" rel=\"noopener\">Pirkan kirpputorikeskus<\/a>, Kangasala<\/li>\n<li><a href=\"https:\/\/www.facebook.com\/people\/MiniLoppis\/61584540537027\/\">MiniLoppis<\/a>, Kangasala<\/li>\n<li><a href=\"https:\/\/www.kirppishelmicenter.fi\/\">Helmi Center<\/a>, Nokia<\/li>\n<\/ul>\n<p>Jos taas omissa nurkissasi py\u00f6rii ylim\u00e4\u00e4r\u00e4ist\u00e4 tavaraa, joka sopisi myyntiin PESUn kirppisp\u00f6yt\u00e4\u00e4n, voit lahjoittaa sit\u00e4 meille.<br \/>\nOtamme vastaan puhdasta, ehj\u00e4\u00e4 ja ajanmukaista myyntitavaraa. Valitettavasti emme voi ottaa vastaan huonekaluja.<\/p>\n<p>Haluatko lahjoittaa tavaraa? Ota yhteytt\u00e4: <a href=\"mailto:lahjoitukset@pesu.org\">lahjoitukset@pesu.org<\/a><\/p>\n<p>Haluatko mukaan kirppistoimintaan? Ota yhteytt\u00e4: <a href=\"mailto:kirppis@pesu.org\">kirppis@pesu.org<\/a><\/p>\n","protected":false},"excerpt":{"rendered":"<p>Voit tukea toimintaamme ostamalla tuotteita kirppisp\u00f6ydist\u00e4mme tai lahjoittamalla meille myyt\u00e4v\u00e4\u00e4! PESUlla on t\u00e4ll\u00e4 hetkell\u00e4 myyntip\u00f6yti\u00e4 seuraavilla kirpputoreilla: Swap, Tampere (Hervanta) West, Tampere (Tesoma) Ropelli, Pirkkala Pirkan kirpputorikeskus, Kangasala MiniLoppis, Kangasala Helmi Center, Nokia Jos taas omissa nurkissasi py\u00f6rii ylim\u00e4\u00e4r\u00e4ist\u00e4 tavaraa, joka sopisi myyntiin PESUn kirppisp\u00f6yt\u00e4\u00e4n, voit lahjoittaa sit\u00e4 meille. Otamme vastaan puhdasta, ehj\u00e4\u00e4 ja ajanmukaista [&hellip;]<\/p>\n","protected":false},"author":14,"featured_media":3521,"parent":639,"menu_order":6,"comment_status":"open","ping_status":"open","template":"","meta":{"_acf_changed":false,"_et_pb_use_builder":"","_et_pb_old_content":"","_et_gb_content_width":"","footnotes":""},"class_list":["post-718","page","type-page","status-publish","has-post-thumbnail","hentry"],"acf":[],"yoast_head":"<!-- This site is optimized with the Yoast SEO plugin v27.1.1 - https:\/\/yoast.com\/product\/yoast-seo-wordpress\/ -->\n<title>Kirppisp\u00f6yd\u00e4t ja -lahjoitukset | Pirkanmaan el&auml;insuojeluyhdistys, PESU ry<\/title>\n<meta name=\"robots\" content=\"index, follow, max-snippet:-1, max-image-preview:large, max-video-preview:-1\" \/>\n<link rel=\"canonical\" href=\"https:\/\/pesu.org\/wp\/miten-voin-auttaa\/kirppispoydat-ja-lahjoitukset\/\" \/>\n<meta property=\"og:locale\" content=\"fi_FI\" \/>\n<meta property=\"og:type\" content=\"article\" \/>\n<meta property=\"og:title\" content=\"Kirppisp\u00f6yd\u00e4t ja -lahjoitukset | Pirkanmaan el&auml;insuojeluyhdistys, PESU ry\" \/>\n<meta property=\"og:description\" content=\"Voit tukea toimintaamme ostamalla tuotteita kirppisp\u00f6ydist\u00e4mme tai lahjoittamalla meille myyt\u00e4v\u00e4\u00e4! PESUlla on t\u00e4ll\u00e4 hetkell\u00e4 myyntip\u00f6yti\u00e4 seuraavilla kirpputoreilla: Swap, Tampere (Hervanta) West, Tampere (Tesoma) Ropelli, Pirkkala Pirkan kirpputorikeskus, Kangasala MiniLoppis, Kangasala Helmi Center, Nokia Jos taas omissa nurkissasi py\u00f6rii ylim\u00e4\u00e4r\u00e4ist\u00e4 tavaraa, joka sopisi myyntiin PESUn kirppisp\u00f6yt\u00e4\u00e4n, voit lahjoittaa sit\u00e4 meille. Otamme vastaan puhdasta, ehj\u00e4\u00e4 ja ajanmukaista [&hellip;]\" \/>\n<meta property=\"og:url\" content=\"https:\/\/pesu.org\/wp\/miten-voin-auttaa\/kirppispoydat-ja-lahjoitukset\/\" \/>\n<meta property=\"og:site_name\" content=\"Pirkanmaan el&auml;insuojeluyhdistys, PESU ry\" \/>\n<meta property=\"article:publisher\" content=\"https:\/\/www.facebook.com\/pesury\" \/>\n<meta property=\"article:modified_time\" content=\"2026-03-24T17:26:18+00:00\" \/>\n<meta property=\"og:image\" content=\"https:\/\/pesu.org\/wp\/wp-content\/uploads\/2025\/01\/koissut-2017-5315.jpg\" \/>\n\t<meta property=\"og:image:width\" content=\"1000\" \/>\n\t<meta property=\"og:image:height\" content=\"667\" \/>\n\t<meta property=\"og:image:type\" content=\"image\/jpeg\" \/>\n<meta name=\"twitter:card\" content=\"summary_large_image\" \/>\n<meta name=\"twitter:label1\" content=\"Arvioitu lukuaika\" \/>\n\t<meta name=\"twitter:data1\" content=\"1 minuutti\" \/>\n<script type=\"application\/ld+json\" class=\"yoast-schema-graph\">{\"@context\":\"https:\/\/schema.org\",\"@graph\":[{\"@type\":\"WebPage\",\"@id\":\"https:\/\/pesu.org\/wp\/miten-voin-auttaa\/kirppispoydat-ja-lahjoitukset\/\",\"url\":\"https:\/\/pesu.org\/wp\/miten-voin-auttaa\/kirppispoydat-ja-lahjoitukset\/\",\"name\":\"Kirppisp\u00f6yd\u00e4t ja -lahjoitukset | Pirkanmaan el&auml;insuojeluyhdistys, PESU ry\",\"isPartOf\":{\"@id\":\"https:\/\/pesu.org\/wp\/#website\"},\"primaryImageOfPage\":{\"@id\":\"https:\/\/pesu.org\/wp\/miten-voin-auttaa\/kirppispoydat-ja-lahjoitukset\/#primaryimage\"},\"image\":{\"@id\":\"https:\/\/pesu.org\/wp\/miten-voin-auttaa\/kirppispoydat-ja-lahjoitukset\/#primaryimage\"},\"thumbnailUrl\":\"https:\/\/pesu.org\/wp\/wp-content\/uploads\/2025\/01\/koissut-2017-5315.jpg\",\"datePublished\":\"2019-09-24T08:21:42+00:00\",\"dateModified\":\"2026-03-24T17:26:18+00:00\",\"breadcrumb\":{\"@id\":\"https:\/\/pesu.org\/wp\/miten-voin-auttaa\/kirppispoydat-ja-lahjoitukset\/#breadcrumb\"},\"inLanguage\":\"fi\",\"potentialAction\":[{\"@type\":\"ReadAction\",\"target\":[\"https:\/\/pesu.org\/wp\/miten-voin-auttaa\/kirppispoydat-ja-lahjoitukset\/\"]}]},{\"@type\":\"ImageObject\",\"inLanguage\":\"fi\",\"@id\":\"https:\/\/pesu.org\/wp\/miten-voin-auttaa\/kirppispoydat-ja-lahjoitukset\/#primaryimage\",\"url\":\"https:\/\/pesu.org\/wp\/wp-content\/uploads\/2025\/01\/koissut-2017-5315.jpg\",\"contentUrl\":\"https:\/\/pesu.org\/wp\/wp-content\/uploads\/2025\/01\/koissut-2017-5315.jpg\",\"width\":1000,\"height\":667},{\"@type\":\"BreadcrumbList\",\"@id\":\"https:\/\/pesu.org\/wp\/miten-voin-auttaa\/kirppispoydat-ja-lahjoitukset\/#breadcrumb\",\"itemListElement\":[{\"@type\":\"ListItem\",\"position\":1,\"name\":\"Etusivu\",\"item\":\"https:\/\/pesu.org\/wp\/\"},{\"@type\":\"ListItem\",\"position\":2,\"name\":\"Miten voin auttaa?\",\"item\":\"https:\/\/pesu.org\/wp\/miten-voin-auttaa\/\"},{\"@type\":\"ListItem\",\"position\":3,\"name\":\"Kirppisp\u00f6yd\u00e4t ja -lahjoitukset\"}]},{\"@type\":\"WebSite\",\"@id\":\"https:\/\/pesu.org\/wp\/#website\",\"url\":\"https:\/\/pesu.org\/wp\/\",\"name\":\"Pirkanmaan el\u00e4insuojeluyhdistys, PESU ry\",\"description\":\"Lemmikkien, tuotantoel\u00e4inten ja luonnonvaraisten el\u00e4inten puolesta\",\"publisher\":{\"@id\":\"https:\/\/pesu.org\/wp\/#organization\"},\"potentialAction\":[{\"@type\":\"SearchAction\",\"target\":{\"@type\":\"EntryPoint\",\"urlTemplate\":\"https:\/\/pesu.org\/wp\/?s={search_term_string}\"},\"query-input\":{\"@type\":\"PropertyValueSpecification\",\"valueRequired\":true,\"valueName\":\"search_term_string\"}}],\"inLanguage\":\"fi\"},{\"@type\":\"Organization\",\"@id\":\"https:\/\/pesu.org\/wp\/#organization\",\"name\":\"Pirkanmaan el\u00e4insuojeluyhdistys, PESU ry\",\"url\":\"https:\/\/pesu.org\/wp\/\",\"logo\":{\"@type\":\"ImageObject\",\"inLanguage\":\"fi\",\"@id\":\"https:\/\/pesu.org\/wp\/#\/schema\/logo\/image\/\",\"url\":\"https:\/\/pesu.org\/wp\/wp-content\/uploads\/2024\/10\/Pesu_Logo_2019_RGB.jpg\",\"contentUrl\":\"https:\/\/pesu.org\/wp\/wp-content\/uploads\/2024\/10\/Pesu_Logo_2019_RGB.jpg\",\"width\":567,\"height\":391,\"caption\":\"Pirkanmaan el\u00e4insuojeluyhdistys, PESU ry\"},\"image\":{\"@id\":\"https:\/\/pesu.org\/wp\/#\/schema\/logo\/image\/\"},\"sameAs\":[\"https:\/\/www.facebook.com\/pesury\",\"https:\/\/www.instagram.com\/pesu_ry\/\"]}]}<\/script>\n<!-- \/ Yoast SEO plugin. -->","yoast_head_json":{"title":"Kirppisp\u00f6yd\u00e4t ja -lahjoitukset | Pirkanmaan el&auml;insuojeluyhdistys, PESU ry","robots":{"index":"index","follow":"follow","max-snippet":"max-snippet:-1","max-image-preview":"max-image-preview:large","max-video-preview":"max-video-preview:-1"},"canonical":"https:\/\/pesu.org\/wp\/miten-voin-auttaa\/kirppispoydat-ja-lahjoitukset\/","og_locale":"fi_FI","og_type":"article","og_title":"Kirppisp\u00f6yd\u00e4t ja -lahjoitukset | Pirkanmaan el&auml;insuojeluyhdistys, PESU ry","og_description":"Voit tukea toimintaamme ostamalla tuotteita kirppisp\u00f6ydist\u00e4mme tai lahjoittamalla meille myyt\u00e4v\u00e4\u00e4! PESUlla on t\u00e4ll\u00e4 hetkell\u00e4 myyntip\u00f6yti\u00e4 seuraavilla kirpputoreilla: Swap, Tampere (Hervanta) West, Tampere (Tesoma) Ropelli, Pirkkala Pirkan kirpputorikeskus, Kangasala MiniLoppis, Kangasala Helmi Center, Nokia Jos taas omissa nurkissasi py\u00f6rii ylim\u00e4\u00e4r\u00e4ist\u00e4 tavaraa, joka sopisi myyntiin PESUn kirppisp\u00f6yt\u00e4\u00e4n, voit lahjoittaa sit\u00e4 meille. Otamme vastaan puhdasta, ehj\u00e4\u00e4 ja ajanmukaista [&hellip;]","og_url":"https:\/\/pesu.org\/wp\/miten-voin-auttaa\/kirppispoydat-ja-lahjoitukset\/","og_site_name":"Pirkanmaan el&auml;insuojeluyhdistys, PESU ry","article_publisher":"https:\/\/www.facebook.com\/pesury","article_modified_time":"2026-03-24T17:26:18+00:00","og_image":[{"width":1000,"height":667,"url":"https:\/\/pesu.org\/wp\/wp-content\/uploads\/2025\/01\/koissut-2017-5315.jpg","type":"image\/jpeg"}],"twitter_card":"summary_large_image","twitter_misc":{"Arvioitu lukuaika":"1 minuutti"},"schema":{"@context":"https:\/\/schema.org","@graph":[{"@type":"WebPage","@id":"https:\/\/pesu.org\/wp\/miten-voin-auttaa\/kirppispoydat-ja-lahjoitukset\/","url":"https:\/\/pesu.org\/wp\/miten-voin-auttaa\/kirppispoydat-ja-lahjoitukset\/","name":"Kirppisp\u00f6yd\u00e4t ja -lahjoitukset | Pirkanmaan el&auml;insuojeluyhdistys, PESU ry","isPartOf":{"@id":"https:\/\/pesu.org\/wp\/#website"},"primaryImageOfPage":{"@id":"https:\/\/pesu.org\/wp\/miten-voin-auttaa\/kirppispoydat-ja-lahjoitukset\/#primaryimage"},"image":{"@id":"https:\/\/pesu.org\/wp\/miten-voin-auttaa\/kirppispoydat-ja-lahjoitukset\/#primaryimage"},"thumbnailUrl":"https:\/\/pesu.org\/wp\/wp-content\/uploads\/2025\/01\/koissut-2017-5315.jpg","datePublished":"2019-09-24T08:21:42+00:00","dateModified":"2026-03-24T17:26:18+00:00","breadcrumb":{"@id":"https:\/\/pesu.org\/wp\/miten-voin-auttaa\/kirppispoydat-ja-lahjoitukset\/#breadcrumb"},"inLanguage":"fi","potentialAction":[{"@type":"ReadAction","target":["https:\/\/pesu.org\/wp\/miten-voin-auttaa\/kirppispoydat-ja-lahjoitukset\/"]}]},{"@type":"ImageObject","inLanguage":"fi","@id":"https:\/\/pesu.org\/wp\/miten-voin-auttaa\/kirppispoydat-ja-lahjoitukset\/#primaryimage","url":"https:\/\/pesu.org\/wp\/wp-content\/uploads\/2025\/01\/koissut-2017-5315.jpg","contentUrl":"https:\/\/pesu.org\/wp\/wp-content\/uploads\/2025\/01\/koissut-2017-5315.jpg","width":1000,"height":667},{"@type":"BreadcrumbList","@id":"https:\/\/pesu.org\/wp\/miten-voin-auttaa\/kirppispoydat-ja-lahjoitukset\/#breadcrumb","itemListElement":[{"@type":"ListItem","position":1,"name":"Etusivu","item":"https:\/\/pesu.org\/wp\/"},{"@type":"ListItem","position":2,"name":"Miten voin auttaa?","item":"https:\/\/pesu.org\/wp\/miten-voin-auttaa\/"},{"@type":"ListItem","position":3,"name":"Kirppisp\u00f6yd\u00e4t ja -lahjoitukset"}]},{"@type":"WebSite","@id":"https:\/\/pesu.org\/wp\/#website","url":"https:\/\/pesu.org\/wp\/","name":"Pirkanmaan el\u00e4insuojeluyhdistys, PESU ry","description":"Lemmikkien, tuotantoel\u00e4inten ja luonnonvaraisten el\u00e4inten puolesta","publisher":{"@id":"https:\/\/pesu.org\/wp\/#organization"},"potentialAction":[{"@type":"SearchAction","target":{"@type":"EntryPoint","urlTemplate":"https:\/\/pesu.org\/wp\/?s={search_term_string}"},"query-input":{"@type":"PropertyValueSpecification","valueRequired":true,"valueName":"search_term_string"}}],"inLanguage":"fi"},{"@type":"Organization","@id":"https:\/\/pesu.org\/wp\/#organization","name":"Pirkanmaan el\u00e4insuojeluyhdistys, PESU ry","url":"https:\/\/pesu.org\/wp\/","logo":{"@type":"ImageObject","inLanguage":"fi","@id":"https:\/\/pesu.org\/wp\/#\/schema\/logo\/image\/","url":"https:\/\/pesu.org\/wp\/wp-content\/uploads\/2024\/10\/Pesu_Logo_2019_RGB.jpg","contentUrl":"https:\/\/pesu.org\/wp\/wp-content\/uploads\/2024\/10\/Pesu_Logo_2019_RGB.jpg","width":567,"height":391,"caption":"Pirkanmaan el\u00e4insuojeluyhdistys, PESU ry"},"image":{"@id":"https:\/\/pesu.org\/wp\/#\/schema\/logo\/image\/"},"sameAs":["https:\/\/www.facebook.com\/pesury","https:\/\/www.instagram.com\/pesu_ry\/"]}]}},"_links":{"self":[{"href":"https:\/\/pesu.org\/wp\/wp-json\/wp\/v2\/pages\/718","targetHints":{"allow":["GET"]}}],"collection":[{"href":"https:\/\/pesu.org\/wp\/wp-json\/wp\/v2\/pages"}],"about":[{"href":"https:\/\/pesu.org\/wp\/wp-json\/wp\/v2\/types\/page"}],"author":[{"embeddable":true,"href":"https:\/\/pesu.org\/wp\/wp-json\/wp\/v2\/users\/14"}],"replies":[{"embeddable":true,"href":"https:\/\/pesu.org\/wp\/wp-json\/wp\/v2\/comments?post=718"}],"version-history":[{"count":8,"href":"https:\/\/pesu.org\/wp\/wp-json\/wp\/v2\/pages\/718\/revisions"}],"predecessor-version":[{"id":5284,"href":"https:\/\/pesu.org\/wp\/wp-json\/wp\/v2\/pages\/718\/revisions\/5284"}],"up":[{"embeddable":true,"href":"https:\/\/pesu.org\/wp\/wp-json\/wp\/v2\/pages\/639"}],"wp:featuredmedia":[{"embeddable":true,"href":"https:\/\/pesu.org\/wp\/wp-json\/wp\/v2\/media\/3521"}],"wp:attachment":[{"href":"https:\/\/pesu.org\/wp\/wp-json\/wp\/v2\/media?parent=718"}],"curies":[{"name":"wp","href":"https:\/\/api.w.org\/{rel}","templated":true}]}}