{"id":2713,"date":"2024-11-14T15:22:02","date_gmt":"2024-11-14T15:22:02","guid":{"rendered":"https:\/\/pesu.org\/wp\/?post_type=product&#038;p=2713"},"modified":"2024-11-28T10:48:31","modified_gmt":"2024-11-28T10:48:31","slug":"t-paita","status":"publish","type":"product","link":"https:\/\/pesu.org\/wp\/tuote\/t-paita\/","title":{"rendered":"T-paita"},"content":{"rendered":"<p>T-paita PESU-aiheisella painatuksella!<br \/>\nV\u00e4rit: vaalea harmaa ja musta<\/p>\n","protected":false},"excerpt":{"rendered":"<p>T-paita PESU-aiheisella painatuksella!<\/p>\n","protected":false},"featured_media":2740,"comment_status":"open","ping_status":"closed","template":"","meta":{"_acf_changed":false,"_et_pb_use_builder":"","_et_pb_old_content":"","_et_gb_content_width":""},"product_brand":[],"product_cat":[117],"product_tag":[],"class_list":{"0":"post-2713","1":"product","2":"type-product","3":"status-publish","4":"has-post-thumbnail","6":"product_cat-vaatteet","8":"first","9":"instock","10":"taxable","11":"shipping-taxable","12":"purchasable","13":"product-type-variable"},"acf":[],"yoast_head":"<!-- This site is optimized with the Yoast SEO plugin v27.1.1 - https:\/\/yoast.com\/product\/yoast-seo-wordpress\/ -->\n<title>T-paita | Pirkanmaan el&auml;insuojeluyhdistys, PESU ry<\/title>\n<meta name=\"robots\" content=\"index, follow, max-snippet:-1, max-image-preview:large, max-video-preview:-1\" \/>\n<link rel=\"canonical\" href=\"https:\/\/pesu.org\/wp\/tuote\/t-paita\/\" \/>\n<meta property=\"og:locale\" content=\"fi_FI\" \/>\n<meta property=\"og:type\" content=\"article\" \/>\n<meta property=\"og:title\" content=\"T-paita | Pirkanmaan el&auml;insuojeluyhdistys, PESU ry\" \/>\n<meta property=\"og:description\" content=\"T-paita PESU-aiheisella painatuksella!\" \/>\n<meta property=\"og:url\" content=\"https:\/\/pesu.org\/wp\/tuote\/t-paita\/\" \/>\n<meta property=\"og:site_name\" content=\"Pirkanmaan el&auml;insuojeluyhdistys, PESU ry\" \/>\n<meta property=\"article:publisher\" content=\"https:\/\/www.facebook.com\/pesury\" \/>\n<meta property=\"article:modified_time\" content=\"2024-11-28T10:48:31+00:00\" \/>\n<meta property=\"og:image\" content=\"https:\/\/pesu.org\/wp\/wp-content\/uploads\/2024\/11\/teeppari_musta.jpg\" \/>\n\t<meta property=\"og:image:width\" content=\"502\" \/>\n\t<meta property=\"og:image:height\" content=\"597\" \/>\n\t<meta property=\"og:image:type\" content=\"image\/jpeg\" \/>\n<meta name=\"twitter:card\" content=\"summary_large_image\" \/>\n<meta name=\"twitter:label1\" content=\"Arvioitu lukuaika\" \/>\n\t<meta name=\"twitter:data1\" content=\"1 minuutti\" \/>\n<script type=\"application\/ld+json\" class=\"yoast-schema-graph\">{\"@context\":\"https:\/\/schema.org\",\"@graph\":[{\"@type\":\"WebPage\",\"@id\":\"https:\/\/pesu.org\/wp\/tuote\/t-paita\/\",\"url\":\"https:\/\/pesu.org\/wp\/tuote\/t-paita\/\",\"name\":\"T-paita | Pirkanmaan el&auml;insuojeluyhdistys, PESU ry\",\"isPartOf\":{\"@id\":\"https:\/\/pesu.org\/wp\/#website\"},\"primaryImageOfPage\":{\"@id\":\"https:\/\/pesu.org\/wp\/tuote\/t-paita\/#primaryimage\"},\"image\":{\"@id\":\"https:\/\/pesu.org\/wp\/tuote\/t-paita\/#primaryimage\"},\"thumbnailUrl\":\"https:\/\/pesu.org\/wp\/wp-content\/uploads\/2024\/11\/teeppari_musta.jpg\",\"datePublished\":\"2024-11-14T15:22:02+00:00\",\"dateModified\":\"2024-11-28T10:48:31+00:00\",\"breadcrumb\":{\"@id\":\"https:\/\/pesu.org\/wp\/tuote\/t-paita\/#breadcrumb\"},\"inLanguage\":\"fi\",\"potentialAction\":[{\"@type\":\"ReadAction\",\"target\":[\"https:\/\/pesu.org\/wp\/tuote\/t-paita\/\"]}]},{\"@type\":\"ImageObject\",\"inLanguage\":\"fi\",\"@id\":\"https:\/\/pesu.org\/wp\/tuote\/t-paita\/#primaryimage\",\"url\":\"https:\/\/pesu.org\/wp\/wp-content\/uploads\/2024\/11\/teeppari_musta.jpg\",\"contentUrl\":\"https:\/\/pesu.org\/wp\/wp-content\/uploads\/2024\/11\/teeppari_musta.jpg\",\"width\":502,\"height\":597},{\"@type\":\"BreadcrumbList\",\"@id\":\"https:\/\/pesu.org\/wp\/tuote\/t-paita\/#breadcrumb\",\"itemListElement\":[{\"@type\":\"ListItem\",\"position\":1,\"name\":\"Etusivu\",\"item\":\"https:\/\/pesu.org\/wp\/\"},{\"@type\":\"ListItem\",\"position\":2,\"name\":\"Kauppa\",\"item\":\"https:\/\/pesu.org\/wp\/kauppa\/\"},{\"@type\":\"ListItem\",\"position\":3,\"name\":\"T-paita\"}]},{\"@type\":\"WebSite\",\"@id\":\"https:\/\/pesu.org\/wp\/#website\",\"url\":\"https:\/\/pesu.org\/wp\/\",\"name\":\"Pirkanmaan el\u00e4insuojeluyhdistys, PESU ry\",\"description\":\"Lemmikkien, tuotantoel\u00e4inten ja luonnonvaraisten el\u00e4inten puolesta\",\"publisher\":{\"@id\":\"https:\/\/pesu.org\/wp\/#organization\"},\"potentialAction\":[{\"@type\":\"SearchAction\",\"target\":{\"@type\":\"EntryPoint\",\"urlTemplate\":\"https:\/\/pesu.org\/wp\/?s={search_term_string}\"},\"query-input\":{\"@type\":\"PropertyValueSpecification\",\"valueRequired\":true,\"valueName\":\"search_term_string\"}}],\"inLanguage\":\"fi\"},{\"@type\":\"Organization\",\"@id\":\"https:\/\/pesu.org\/wp\/#organization\",\"name\":\"Pirkanmaan el\u00e4insuojeluyhdistys, PESU ry\",\"url\":\"https:\/\/pesu.org\/wp\/\",\"logo\":{\"@type\":\"ImageObject\",\"inLanguage\":\"fi\",\"@id\":\"https:\/\/pesu.org\/wp\/#\/schema\/logo\/image\/\",\"url\":\"https:\/\/pesu.org\/wp\/wp-content\/uploads\/2024\/10\/Pesu_Logo_2019_RGB.jpg\",\"contentUrl\":\"https:\/\/pesu.org\/wp\/wp-content\/uploads\/2024\/10\/Pesu_Logo_2019_RGB.jpg\",\"width\":567,\"height\":391,\"caption\":\"Pirkanmaan el\u00e4insuojeluyhdistys, PESU ry\"},\"image\":{\"@id\":\"https:\/\/pesu.org\/wp\/#\/schema\/logo\/image\/\"},\"sameAs\":[\"https:\/\/www.facebook.com\/pesury\",\"https:\/\/www.instagram.com\/pesu_ry\/\"]}]}<\/script>\n<!-- \/ Yoast SEO plugin. -->","yoast_head_json":{"title":"T-paita | Pirkanmaan el&auml;insuojeluyhdistys, PESU ry","robots":{"index":"index","follow":"follow","max-snippet":"max-snippet:-1","max-image-preview":"max-image-preview:large","max-video-preview":"max-video-preview:-1"},"canonical":"https:\/\/pesu.org\/wp\/tuote\/t-paita\/","og_locale":"fi_FI","og_type":"article","og_title":"T-paita | Pirkanmaan el&auml;insuojeluyhdistys, PESU ry","og_description":"T-paita PESU-aiheisella painatuksella!","og_url":"https:\/\/pesu.org\/wp\/tuote\/t-paita\/","og_site_name":"Pirkanmaan el&auml;insuojeluyhdistys, PESU ry","article_publisher":"https:\/\/www.facebook.com\/pesury","article_modified_time":"2024-11-28T10:48:31+00:00","og_image":[{"width":502,"height":597,"url":"https:\/\/pesu.org\/wp\/wp-content\/uploads\/2024\/11\/teeppari_musta.jpg","type":"image\/jpeg"}],"twitter_card":"summary_large_image","twitter_misc":{"Arvioitu lukuaika":"1 minuutti"},"schema":{"@context":"https:\/\/schema.org","@graph":[{"@type":"WebPage","@id":"https:\/\/pesu.org\/wp\/tuote\/t-paita\/","url":"https:\/\/pesu.org\/wp\/tuote\/t-paita\/","name":"T-paita | Pirkanmaan el&auml;insuojeluyhdistys, PESU ry","isPartOf":{"@id":"https:\/\/pesu.org\/wp\/#website"},"primaryImageOfPage":{"@id":"https:\/\/pesu.org\/wp\/tuote\/t-paita\/#primaryimage"},"image":{"@id":"https:\/\/pesu.org\/wp\/tuote\/t-paita\/#primaryimage"},"thumbnailUrl":"https:\/\/pesu.org\/wp\/wp-content\/uploads\/2024\/11\/teeppari_musta.jpg","datePublished":"2024-11-14T15:22:02+00:00","dateModified":"2024-11-28T10:48:31+00:00","breadcrumb":{"@id":"https:\/\/pesu.org\/wp\/tuote\/t-paita\/#breadcrumb"},"inLanguage":"fi","potentialAction":[{"@type":"ReadAction","target":["https:\/\/pesu.org\/wp\/tuote\/t-paita\/"]}]},{"@type":"ImageObject","inLanguage":"fi","@id":"https:\/\/pesu.org\/wp\/tuote\/t-paita\/#primaryimage","url":"https:\/\/pesu.org\/wp\/wp-content\/uploads\/2024\/11\/teeppari_musta.jpg","contentUrl":"https:\/\/pesu.org\/wp\/wp-content\/uploads\/2024\/11\/teeppari_musta.jpg","width":502,"height":597},{"@type":"BreadcrumbList","@id":"https:\/\/pesu.org\/wp\/tuote\/t-paita\/#breadcrumb","itemListElement":[{"@type":"ListItem","position":1,"name":"Etusivu","item":"https:\/\/pesu.org\/wp\/"},{"@type":"ListItem","position":2,"name":"Kauppa","item":"https:\/\/pesu.org\/wp\/kauppa\/"},{"@type":"ListItem","position":3,"name":"T-paita"}]},{"@type":"WebSite","@id":"https:\/\/pesu.org\/wp\/#website","url":"https:\/\/pesu.org\/wp\/","name":"Pirkanmaan el\u00e4insuojeluyhdistys, PESU ry","description":"Lemmikkien, tuotantoel\u00e4inten ja luonnonvaraisten el\u00e4inten puolesta","publisher":{"@id":"https:\/\/pesu.org\/wp\/#organization"},"potentialAction":[{"@type":"SearchAction","target":{"@type":"EntryPoint","urlTemplate":"https:\/\/pesu.org\/wp\/?s={search_term_string}"},"query-input":{"@type":"PropertyValueSpecification","valueRequired":true,"valueName":"search_term_string"}}],"inLanguage":"fi"},{"@type":"Organization","@id":"https:\/\/pesu.org\/wp\/#organization","name":"Pirkanmaan el\u00e4insuojeluyhdistys, PESU ry","url":"https:\/\/pesu.org\/wp\/","logo":{"@type":"ImageObject","inLanguage":"fi","@id":"https:\/\/pesu.org\/wp\/#\/schema\/logo\/image\/","url":"https:\/\/pesu.org\/wp\/wp-content\/uploads\/2024\/10\/Pesu_Logo_2019_RGB.jpg","contentUrl":"https:\/\/pesu.org\/wp\/wp-content\/uploads\/2024\/10\/Pesu_Logo_2019_RGB.jpg","width":567,"height":391,"caption":"Pirkanmaan el\u00e4insuojeluyhdistys, PESU ry"},"image":{"@id":"https:\/\/pesu.org\/wp\/#\/schema\/logo\/image\/"},"sameAs":["https:\/\/www.facebook.com\/pesury","https:\/\/www.instagram.com\/pesu_ry\/"]}]}},"_links":{"self":[{"href":"https:\/\/pesu.org\/wp\/wp-json\/wp\/v2\/product\/2713","targetHints":{"allow":["GET"]}}],"collection":[{"href":"https:\/\/pesu.org\/wp\/wp-json\/wp\/v2\/product"}],"about":[{"href":"https:\/\/pesu.org\/wp\/wp-json\/wp\/v2\/types\/product"}],"replies":[{"embeddable":true,"href":"https:\/\/pesu.org\/wp\/wp-json\/wp\/v2\/comments?post=2713"}],"wp:featuredmedia":[{"embeddable":true,"href":"https:\/\/pesu.org\/wp\/wp-json\/wp\/v2\/media\/2740"}],"wp:attachment":[{"href":"https:\/\/pesu.org\/wp\/wp-json\/wp\/v2\/media?parent=2713"}],"wp:term":[{"taxonomy":"product_brand","embeddable":true,"href":"https:\/\/pesu.org\/wp\/wp-json\/wp\/v2\/product_brand?post=2713"},{"taxonomy":"product_cat","embeddable":true,"href":"https:\/\/pesu.org\/wp\/wp-json\/wp\/v2\/product_cat?post=2713"},{"taxonomy":"product_tag","embeddable":true,"href":"https:\/\/pesu.org\/wp\/wp-json\/wp\/v2\/product_tag?post=2713"}],"curies":[{"name":"wp","href":"https:\/\/api.w.org\/{rel}","templated":true}]}}